

{"id":3606,"date":"2023-12-02T16:45:32","date_gmt":"2023-12-02T15:45:32","guid":{"rendered":"https:\/\/expro-testy.milleniumhost.pl\/produkt\/zawieszka-pojedyncza-z-cenowka-krotka-r-90259-2\/"},"modified":"2023-12-02T16:45:35","modified_gmt":"2023-12-02T15:45:35","slug":"zawieszka-pojedyncza-z-cenowka-krotka-r-90259","status":"publish","type":"product","link":"https:\/\/expro-testy.milleniumhost.pl\/en\/produkt\/zawieszka-pojedyncza-z-cenowka-krotka-r-90259\/","title":{"rendered":"ZAWIESZKA POJEDYNCZA Z CEN\u00d3WK\u0104 KR\u00d3TKA R-90259"},"content":{"rendered":"<p>w opracowaniu<\/p>\n","protected":false},"excerpt":{"rendered":"<p>w opracowaniu<\/p>\n","protected":false},"featured_media":3607,"template":"","meta":[],"product_cat":[138,140,131,130,134,135,212,250,219,240,896,894,895,893],"product_tag":[],"class_list":{"0":"post-3606","1":"product","2":"type-product","3":"status-publish","4":"has-post-thumbnail","6":"product_cat-osprzet-do-regalow-ws-gondola","7":"product_cat-osprzet-do-regalow-ws-przysciennego","8":"product_cat-osprzet-do-regalow-es","9":"product_cat-regaly-es-przyscienne","10":"product_cat-regaly-ws-gondolowe","11":"product_cat-regaly-ws-przyscienne","12":"product_cat-uchwyty_zawieszki_pws","13":"product_cat-uchwyty-zawieszki-osprzet-do-regalow-es","14":"product_cat-uchwyty-zawieszki-osprzet-do-regalow-ws-gondola","15":"product_cat-uchwyty-zawieszki-osprzet-do-regalow-es-gondolowego","16":"product_cat-zawieszki-uchwyty-zawieszki-osprzet-do-regalow-es","17":"product_cat-zawieszki-uchwyty_zawieszki_pws","18":"product_cat-zawieszki-uchwyty-zawieszki-osprzet-do-regalow-es-gondolowego","19":"product_cat-zawieszki-uchwyty-zawieszki-osprzet-do-regalow-ws-gondola","20":"pa_jednostka-szt","21":"pa_material-stal","22":"pa_modul-416","23":"pa_objetosc-0-001-m3","24":"pa_rodzaj-mocowania-perforacja","26":"first","27":"instock","28":"purchasable","29":"product-type-simple"},"acf":[],"_links":{"self":[{"href":"https:\/\/expro-testy.milleniumhost.pl\/en\/wp-json\/wp\/v2\/product\/3606","targetHints":{"allow":["GET"]}}],"collection":[{"href":"https:\/\/expro-testy.milleniumhost.pl\/en\/wp-json\/wp\/v2\/product"}],"about":[{"href":"https:\/\/expro-testy.milleniumhost.pl\/en\/wp-json\/wp\/v2\/types\/product"}],"wp:featuredmedia":[{"embeddable":true,"href":"https:\/\/expro-testy.milleniumhost.pl\/en\/wp-json\/wp\/v2\/media\/3607"}],"wp:attachment":[{"href":"https:\/\/expro-testy.milleniumhost.pl\/en\/wp-json\/wp\/v2\/media?parent=3606"}],"wp:term":[{"taxonomy":"product_cat","embeddable":true,"href":"https:\/\/expro-testy.milleniumhost.pl\/en\/wp-json\/wp\/v2\/product_cat?post=3606"},{"taxonomy":"product_tag","embeddable":true,"href":"https:\/\/expro-testy.milleniumhost.pl\/en\/wp-json\/wp\/v2\/product_tag?post=3606"}],"curies":[{"name":"wp","href":"https:\/\/api.w.org\/{rel}","templated":true}]}}