

{"id":3646,"date":"2023-12-02T16:36:38","date_gmt":"2023-12-02T15:36:38","guid":{"rendered":"https:\/\/expro-testy.milleniumhost.pl\/produkt\/blacha-pelna-duza-132m-do-regalu-wysokiego-skladowania-r-91082\/"},"modified":"2023-12-02T16:36:40","modified_gmt":"2023-12-02T15:36:40","slug":"blacha-pelna-duza-132m-do-regalu-wysokiego-skladowania-r-91082","status":"publish","type":"product","link":"https:\/\/expro-testy.milleniumhost.pl\/en\/produkt\/blacha-pelna-duza-132m-do-regalu-wysokiego-skladowania-r-91082\/","title":{"rendered":"BLACHA PE\u0141NA DU\u017bA 1,32M DO REGA\u0141U WYSOKIEGO SK\u0141ADOWANIA R-91082"},"content":{"rendered":"<p>w opracowaniu<\/p>\n","protected":false},"excerpt":{"rendered":"<p>w opracowaniu<\/p>\n","protected":false},"featured_media":4370,"template":"","meta":[],"product_cat":[139,141,197,230,134,135],"product_tag":[],"class_list":{"0":"post-3646","1":"product","2":"type-product","3":"status-publish","4":"has-post-thumbnail","6":"product_cat-elementy-konstrukcyjne-regalu-ws-gondolowego","7":"product_cat-elementy-konstrukcyjne-regalu-ws-przysciennego","8":"product_cat-plecy-wypelniajace","9":"product_cat-plecy-wypelniajace-elementy-konstrukcyjne-regalu-ws-gondolowego","10":"product_cat-regaly-ws-gondolowe","11":"product_cat-regaly-ws-przyscienne","12":"pa_jednostka-szt","13":"pa_material-stal","14":"pa_modul-m135","15":"pa_objetosc-0-022-m3","16":"pa_rodzaj-mocowania-noga-regalu-ws","18":"first","19":"instock","20":"purchasable","21":"product-type-simple"},"acf":[],"_links":{"self":[{"href":"https:\/\/expro-testy.milleniumhost.pl\/en\/wp-json\/wp\/v2\/product\/3646","targetHints":{"allow":["GET"]}}],"collection":[{"href":"https:\/\/expro-testy.milleniumhost.pl\/en\/wp-json\/wp\/v2\/product"}],"about":[{"href":"https:\/\/expro-testy.milleniumhost.pl\/en\/wp-json\/wp\/v2\/types\/product"}],"wp:featuredmedia":[{"embeddable":true,"href":"https:\/\/expro-testy.milleniumhost.pl\/en\/wp-json\/wp\/v2\/media\/4370"}],"wp:attachment":[{"href":"https:\/\/expro-testy.milleniumhost.pl\/en\/wp-json\/wp\/v2\/media?parent=3646"}],"wp:term":[{"taxonomy":"product_cat","embeddable":true,"href":"https:\/\/expro-testy.milleniumhost.pl\/en\/wp-json\/wp\/v2\/product_cat?post=3646"},{"taxonomy":"product_tag","embeddable":true,"href":"https:\/\/expro-testy.milleniumhost.pl\/en\/wp-json\/wp\/v2\/product_tag?post=3646"}],"curies":[{"name":"wp","href":"https:\/\/api.w.org\/{rel}","templated":true}]}}