

{"id":3697,"date":"2023-12-02T16:37:03","date_gmt":"2023-12-02T15:37:03","guid":{"rendered":"https:\/\/expro-testy.milleniumhost.pl\/produkt\/domek-drewniany-na-zlacza-ciesielskie-maly-r-90473\/"},"modified":"2023-12-02T16:37:05","modified_gmt":"2023-12-02T15:37:05","slug":"domek-drewniany-na-zlacza-ciesielskie-maly-r-90473","status":"publish","type":"product","link":"https:\/\/expro-testy.milleniumhost.pl\/en\/produkt\/domek-drewniany-na-zlacza-ciesielskie-maly-r-90473\/","title":{"rendered":"DOMEK DREWNIANY NA Z\u0141\u0104CZA CIESIELSKIE MA\u0141Y R-90473"},"content":{"rendered":"<p>w opracowaniu<\/p>\n","protected":false},"excerpt":{"rendered":"<p>w opracowaniu<\/p>\n","protected":false},"featured_media":2634,"template":"","meta":[],"product_cat":[179,137,145],"product_tag":[769],"class_list":{"0":"post-3697","1":"product","2":"type-product","3":"status-publish","4":"has-post-thumbnail","6":"product_cat-regaly-ekspozycyjne","7":"product_cat-regaly-specjalistyczne-ekspozytory-witryny-standy-kartonowe","8":"product_cat-regaly-specjalistyczne-ekspozytory-home-design","9":"product_tag-domyslny","10":"pa_jednostka-szt","11":"pa_material-drewno","12":"pa_modul-416","13":"pa_objetosc-0-933-m3","14":"pa_rodzaj-mocowania-wolnostojacy","16":"first","17":"instock","18":"purchasable","19":"product-type-simple"},"acf":[],"_links":{"self":[{"href":"https:\/\/expro-testy.milleniumhost.pl\/en\/wp-json\/wp\/v2\/product\/3697","targetHints":{"allow":["GET"]}}],"collection":[{"href":"https:\/\/expro-testy.milleniumhost.pl\/en\/wp-json\/wp\/v2\/product"}],"about":[{"href":"https:\/\/expro-testy.milleniumhost.pl\/en\/wp-json\/wp\/v2\/types\/product"}],"wp:featuredmedia":[{"embeddable":true,"href":"https:\/\/expro-testy.milleniumhost.pl\/en\/wp-json\/wp\/v2\/media\/2634"}],"wp:attachment":[{"href":"https:\/\/expro-testy.milleniumhost.pl\/en\/wp-json\/wp\/v2\/media?parent=3697"}],"wp:term":[{"taxonomy":"product_cat","embeddable":true,"href":"https:\/\/expro-testy.milleniumhost.pl\/en\/wp-json\/wp\/v2\/product_cat?post=3697"},{"taxonomy":"product_tag","embeddable":true,"href":"https:\/\/expro-testy.milleniumhost.pl\/en\/wp-json\/wp\/v2\/product_tag?post=3697"}],"curies":[{"name":"wp","href":"https:\/\/api.w.org\/{rel}","templated":true}]}}