

{"id":3762,"date":"2023-12-02T16:37:59","date_gmt":"2023-12-02T15:37:59","guid":{"rendered":"https:\/\/expro-testy.milleniumhost.pl\/produkt\/kosz-szeroki-z-przegrodkami-l-656mm-na-belke-systemowa-r-90350\/"},"modified":"2023-12-02T16:38:00","modified_gmt":"2023-12-02T15:38:00","slug":"kosz-szeroki-z-przegrodkami-l-656mm-na-belke-systemowa-r-90350","status":"publish","type":"product","link":"https:\/\/expro-testy.milleniumhost.pl\/en\/produkt\/kosz-szeroki-z-przegrodkami-l-656mm-na-belke-systemowa-r-90350\/","title":{"rendered":"KOSZ SZEROKI Z PRZEGR\u00d3DKAMI L-656MM NA BELK\u0118 SYSTEMOW\u0104 R-90350"},"content":{"rendered":"<p>w opracowaniu<\/p>\n","protected":false},"excerpt":{"rendered":"<p>w opracowaniu<\/p>\n","protected":false},"featured_media":2731,"template":"","meta":[],"product_cat":[300,222,215,221,214,254,138,140,131,130,134,135],"product_tag":[],"class_list":{"0":"post-3762","1":"product","2":"type-product","3":"status-publish","4":"has-post-thumbnail","6":"product_cat-kosze_pes","7":"product_cat-kosze-osprzet-do-regalow-ws-gondola","8":"product_cat-kosze","9":"product_cat-kuwety-skrzynki-ekspozycyjne-stojaki-ekspozycyjne-gablotki-osprzet-do-regalow-ws-gondola","10":"product_cat-kuwety-skrzynki-ekspozycyjne-stojaki-ekspozycyjne-gablotki","11":"product_cat-kosze-skrzynki-ekspozycyjne-stojaki-ekspozycyjne-gablotki-kuwety-osprzet-do-regalow-es","12":"product_cat-osprzet-do-regalow-ws-gondola","13":"product_cat-osprzet-do-regalow-ws-przysciennego","14":"product_cat-osprzet-do-regalow-es","15":"product_cat-regaly-es-przyscienne","16":"product_cat-regaly-ws-gondolowe","17":"product_cat-regaly-ws-przyscienne","18":"pa_jednostka-szt","19":"pa_material-stal","20":"pa_modul-m132","21":"pa_objetosc-0-041-m3","22":"pa_rodzaj-mocowania-belka","24":"first","25":"instock","26":"purchasable","27":"product-type-simple"},"acf":[],"_links":{"self":[{"href":"https:\/\/expro-testy.milleniumhost.pl\/en\/wp-json\/wp\/v2\/product\/3762","targetHints":{"allow":["GET"]}}],"collection":[{"href":"https:\/\/expro-testy.milleniumhost.pl\/en\/wp-json\/wp\/v2\/product"}],"about":[{"href":"https:\/\/expro-testy.milleniumhost.pl\/en\/wp-json\/wp\/v2\/types\/product"}],"wp:featuredmedia":[{"embeddable":true,"href":"https:\/\/expro-testy.milleniumhost.pl\/en\/wp-json\/wp\/v2\/media\/2731"}],"wp:attachment":[{"href":"https:\/\/expro-testy.milleniumhost.pl\/en\/wp-json\/wp\/v2\/media?parent=3762"}],"wp:term":[{"taxonomy":"product_cat","embeddable":true,"href":"https:\/\/expro-testy.milleniumhost.pl\/en\/wp-json\/wp\/v2\/product_cat?post=3762"},{"taxonomy":"product_tag","embeddable":true,"href":"https:\/\/expro-testy.milleniumhost.pl\/en\/wp-json\/wp\/v2\/product_tag?post=3762"}],"curies":[{"name":"wp","href":"https:\/\/api.w.org\/{rel}","templated":true}]}}