

{"id":3777,"date":"2023-12-02T16:38:08","date_gmt":"2023-12-02T15:38:08","guid":{"rendered":"https:\/\/expro-testy.milleniumhost.pl\/produkt\/legar-584-wspornik-pod-polke-do-regalu-wysokiego-skladowania-r-91149\/"},"modified":"2023-12-02T16:38:10","modified_gmt":"2023-12-02T15:38:10","slug":"legar-584-wspornik-pod-polke-do-regalu-wysokiego-skladowania-r-91149","status":"publish","type":"product","link":"https:\/\/expro-testy.milleniumhost.pl\/en\/produkt\/legar-584-wspornik-pod-polke-do-regalu-wysokiego-skladowania-r-91149\/","title":{"rendered":"LEGAR &#8220;584&#8221; &#8211; WSPORNIK POD P\u00d3\u0141K\u0118 DO REGA\u0141U WYSOKIEGO SK\u0141ADOWANIA R-91149"},"content":{"rendered":"<p>w opracowaniu<\/p>\n","protected":false},"excerpt":{"rendered":"<p>w opracowaniu<\/p>\n","protected":false},"featured_media":4445,"template":"","meta":[],"product_cat":[139,141,328,233,134,135],"product_tag":[],"class_list":{"0":"post-3777","1":"product","2":"type-product","3":"status-publish","4":"has-post-thumbnail","6":"product_cat-elementy-konstrukcyjne-regalu-ws-gondolowego","7":"product_cat-elementy-konstrukcyjne-regalu-ws-przysciennego","8":"product_cat-legary_pws","9":"product_cat-legary-elementy-konstrukcyjne-regalu-ws-gondolowego","10":"product_cat-regaly-ws-gondolowe","11":"product_cat-regaly-ws-przyscienne","12":"pa_jednostka-szt","13":"pa_material-stal","14":"pa_modul-416","15":"pa_objetosc-0-004-m3","16":"pa_rodzaj-mocowania-wpinany-w-trawers","18":"first","19":"instock","20":"purchasable","21":"product-type-simple"},"acf":[],"_links":{"self":[{"href":"https:\/\/expro-testy.milleniumhost.pl\/en\/wp-json\/wp\/v2\/product\/3777","targetHints":{"allow":["GET"]}}],"collection":[{"href":"https:\/\/expro-testy.milleniumhost.pl\/en\/wp-json\/wp\/v2\/product"}],"about":[{"href":"https:\/\/expro-testy.milleniumhost.pl\/en\/wp-json\/wp\/v2\/types\/product"}],"wp:featuredmedia":[{"embeddable":true,"href":"https:\/\/expro-testy.milleniumhost.pl\/en\/wp-json\/wp\/v2\/media\/4445"}],"wp:attachment":[{"href":"https:\/\/expro-testy.milleniumhost.pl\/en\/wp-json\/wp\/v2\/media?parent=3777"}],"wp:term":[{"taxonomy":"product_cat","embeddable":true,"href":"https:\/\/expro-testy.milleniumhost.pl\/en\/wp-json\/wp\/v2\/product_cat?post=3777"},{"taxonomy":"product_tag","embeddable":true,"href":"https:\/\/expro-testy.milleniumhost.pl\/en\/wp-json\/wp\/v2\/product_tag?post=3777"}],"curies":[{"name":"wp","href":"https:\/\/api.w.org\/{rel}","templated":true}]}}