

{"id":3778,"date":"2023-12-02T16:38:15","date_gmt":"2023-12-02T15:38:15","guid":{"rendered":"https:\/\/expro-testy.milleniumhost.pl\/produkt\/listwa-cenowa-bezbarwna-nakladana-na-polki-o-grubosci-5-10mm-l-1250mm-h-39mm-r-92216\/"},"modified":"2023-12-02T16:38:15","modified_gmt":"2023-12-02T15:38:15","slug":"listwa-cenowa-bezbarwna-nakladana-na-polki-o-grubosci-5-10mm-l-1250mm-h-39mm-gls39-r-92216","status":"publish","type":"product","link":"https:\/\/expro-testy.milleniumhost.pl\/en\/produkt\/listwa-cenowa-bezbarwna-nakladana-na-polki-o-grubosci-5-10mm-l-1250mm-h-39mm-gls39-r-92216\/","title":{"rendered":"LISTWA CENOWA BEZBARWNA NAK\u0141ADANA NA P\u00d3\u0141KI O GRUBO\u015aCI 5-10MM L-1250MM H-39MM GLS39 R-92216"},"content":{"rendered":"<p>w opracowaniu<\/p>\n","protected":false},"excerpt":{"rendered":"<p>w opracowaniu<\/p>\n","protected":false},"featured_media":2759,"template":"","meta":[],"product_cat":[244,218,253,225,138,140,131,130,134,135],"product_tag":[769],"class_list":{"0":"post-3778","1":"product","2":"type-product","3":"status-publish","4":"has-post-thumbnail","6":"product_cat-listwy-cenowe-osprzet-do-regalow-es-gondolowego","7":"product_cat-listwy_cenowe_pws","8":"product_cat-listwy-cenowe-osprzet-do-regalow-es","9":"product_cat-listwy-cenowe-osprzet-do-regalow-ws-gondola","10":"product_cat-osprzet-do-regalow-ws-gondola","11":"product_cat-osprzet-do-regalow-ws-przysciennego","12":"product_cat-osprzet-do-regalow-es","13":"product_cat-regaly-es-przyscienne","14":"product_cat-regaly-ws-gondolowe","15":"product_cat-regaly-ws-przyscienne","16":"product_tag-domyslny","17":"pa_jednostka-szt","18":"pa_material-tworzywo-sztuczne","19":"pa_modul-m125","20":"pa_objetosc-0-001-m3","21":"pa_rodzaj-mocowania-nakladana-na-szklo","23":"first","24":"instock","25":"purchasable","26":"product-type-simple"},"acf":[],"_links":{"self":[{"href":"https:\/\/expro-testy.milleniumhost.pl\/en\/wp-json\/wp\/v2\/product\/3778","targetHints":{"allow":["GET"]}}],"collection":[{"href":"https:\/\/expro-testy.milleniumhost.pl\/en\/wp-json\/wp\/v2\/product"}],"about":[{"href":"https:\/\/expro-testy.milleniumhost.pl\/en\/wp-json\/wp\/v2\/types\/product"}],"wp:featuredmedia":[{"embeddable":true,"href":"https:\/\/expro-testy.milleniumhost.pl\/en\/wp-json\/wp\/v2\/media\/2759"}],"wp:attachment":[{"href":"https:\/\/expro-testy.milleniumhost.pl\/en\/wp-json\/wp\/v2\/media?parent=3778"}],"wp:term":[{"taxonomy":"product_cat","embeddable":true,"href":"https:\/\/expro-testy.milleniumhost.pl\/en\/wp-json\/wp\/v2\/product_cat?post=3778"},{"taxonomy":"product_tag","embeddable":true,"href":"https:\/\/expro-testy.milleniumhost.pl\/en\/wp-json\/wp\/v2\/product_tag?post=3778"}],"curies":[{"name":"wp","href":"https:\/\/api.w.org\/{rel}","templated":true}]}}