

{"id":3783,"date":"2023-12-02T16:38:15","date_gmt":"2023-12-02T15:38:15","guid":{"rendered":"https:\/\/expro-testy.milleniumhost.pl\/produkt\/listwa-cenowa-bezbarwna-przyklejana-od-gory-polki-l-950mm-h-39mm-r-92212\/"},"modified":"2023-12-02T16:38:16","modified_gmt":"2023-12-02T15:38:16","slug":"listwa-cenowa-bezbarwna-przyklejana-od-gory-polki-l-950mm-h-39mm-he39-r-92212","status":"publish","type":"product","link":"https:\/\/expro-testy.milleniumhost.pl\/en\/produkt\/listwa-cenowa-bezbarwna-przyklejana-od-gory-polki-l-950mm-h-39mm-he39-r-92212\/","title":{"rendered":"LISTWA CENOWA BEZBARWNA PRZYKLEJANA OD G\u00d3RY P\u00d3\u0141KI L-950MM H-39MM HE39 R-92212"},"content":{"rendered":"<p>w opracowaniu<\/p>\n","protected":false},"excerpt":{"rendered":"<p>w opracowaniu<\/p>\n","protected":false},"featured_media":2763,"template":"","meta":[],"product_cat":[244,218,253,225,138,140,131,130,134,135],"product_tag":[769],"class_list":{"0":"post-3783","1":"product","2":"type-product","3":"status-publish","4":"has-post-thumbnail","6":"product_cat-listwy-cenowe-osprzet-do-regalow-es-gondolowego","7":"product_cat-listwy_cenowe_pws","8":"product_cat-listwy-cenowe-osprzet-do-regalow-es","9":"product_cat-listwy-cenowe-osprzet-do-regalow-ws-gondola","10":"product_cat-osprzet-do-regalow-ws-gondola","11":"product_cat-osprzet-do-regalow-ws-przysciennego","12":"product_cat-osprzet-do-regalow-es","13":"product_cat-regaly-es-przyscienne","14":"product_cat-regaly-ws-gondolowe","15":"product_cat-regaly-ws-przyscienne","16":"product_tag-domyslny","17":"pa_jednostka-szt","18":"pa_material-tworzywo-sztuczne","19":"pa_modul-m1","20":"pa_objetosc-0-001-m3","21":"pa_rodzaj-mocowania-klejona-na-tasmie","23":"first","24":"instock","25":"purchasable","26":"product-type-simple"},"acf":[],"_links":{"self":[{"href":"https:\/\/expro-testy.milleniumhost.pl\/en\/wp-json\/wp\/v2\/product\/3783","targetHints":{"allow":["GET"]}}],"collection":[{"href":"https:\/\/expro-testy.milleniumhost.pl\/en\/wp-json\/wp\/v2\/product"}],"about":[{"href":"https:\/\/expro-testy.milleniumhost.pl\/en\/wp-json\/wp\/v2\/types\/product"}],"wp:featuredmedia":[{"embeddable":true,"href":"https:\/\/expro-testy.milleniumhost.pl\/en\/wp-json\/wp\/v2\/media\/2763"}],"wp:attachment":[{"href":"https:\/\/expro-testy.milleniumhost.pl\/en\/wp-json\/wp\/v2\/media?parent=3783"}],"wp:term":[{"taxonomy":"product_cat","embeddable":true,"href":"https:\/\/expro-testy.milleniumhost.pl\/en\/wp-json\/wp\/v2\/product_cat?post=3783"},{"taxonomy":"product_tag","embeddable":true,"href":"https:\/\/expro-testy.milleniumhost.pl\/en\/wp-json\/wp\/v2\/product_tag?post=3783"}],"curies":[{"name":"wp","href":"https:\/\/api.w.org\/{rel}","templated":true}]}}