

{"id":3817,"date":"2023-12-02T16:38:42","date_gmt":"2023-12-02T15:38:42","guid":{"rendered":"https:\/\/expro-testy.milleniumhost.pl\/produkt\/lacznik-stezen-nogi-wysokiego-skladu-r-90158\/"},"modified":"2023-12-02T16:38:42","modified_gmt":"2023-12-02T15:38:42","slug":"lacznik-stezen-nogi-wysokiego-skladu-2-blaszki-2-kpl-srub-r-90158","status":"publish","type":"product","link":"https:\/\/expro-testy.milleniumhost.pl\/en\/produkt\/lacznik-stezen-nogi-wysokiego-skladu-2-blaszki-2-kpl-srub-r-90158\/","title":{"rendered":"\u0141\u0104CZNIK ST\u0118\u017bE\u0143 NOGI WYSOKIEGO SK\u0141ADU (2 blaszki + 2 kpl \u015brub) R-90158"},"content":{"rendered":"<p>w opracowaniu<\/p>\n","protected":false},"excerpt":{"rendered":"<p>w opracowaniu<\/p>\n","protected":false},"featured_media":4447,"template":"","meta":[],"product_cat":[139,141,231,636,1001,304,134,135],"product_tag":[],"class_list":{"0":"post-3817","1":"product","2":"type-product","3":"status-publish","4":"has-post-thumbnail","6":"product_cat-elementy-konstrukcyjne-regalu-ws-gondolowego","7":"product_cat-elementy-konstrukcyjne-regalu-ws-przysciennego","8":"product_cat-nogi-do-gondoli-przedluzki","9":"product_cat-nogi-przyscienne-przedluzki","10":"product_cat-przedluzki-stezenia","11":"product_cat-przedluzki_stezenia_gws","12":"product_cat-regaly-ws-gondolowe","13":"product_cat-regaly-ws-przyscienne","14":"pa_jednostka-kpl","15":"pa_material-stal","16":"pa_modul-416","17":"pa_objetosc-0-000-m3","18":"pa_rodzaj-mocowania-skrecane","20":"first","21":"instock","22":"purchasable","23":"product-type-simple"},"acf":[],"_links":{"self":[{"href":"https:\/\/expro-testy.milleniumhost.pl\/en\/wp-json\/wp\/v2\/product\/3817","targetHints":{"allow":["GET"]}}],"collection":[{"href":"https:\/\/expro-testy.milleniumhost.pl\/en\/wp-json\/wp\/v2\/product"}],"about":[{"href":"https:\/\/expro-testy.milleniumhost.pl\/en\/wp-json\/wp\/v2\/types\/product"}],"wp:featuredmedia":[{"embeddable":true,"href":"https:\/\/expro-testy.milleniumhost.pl\/en\/wp-json\/wp\/v2\/media\/4447"}],"wp:attachment":[{"href":"https:\/\/expro-testy.milleniumhost.pl\/en\/wp-json\/wp\/v2\/media?parent=3817"}],"wp:term":[{"taxonomy":"product_cat","embeddable":true,"href":"https:\/\/expro-testy.milleniumhost.pl\/en\/wp-json\/wp\/v2\/product_cat?post=3817"},{"taxonomy":"product_tag","embeddable":true,"href":"https:\/\/expro-testy.milleniumhost.pl\/en\/wp-json\/wp\/v2\/product_tag?post=3817"}],"curies":[{"name":"wp","href":"https:\/\/api.w.org\/{rel}","templated":true}]}}