

{"id":3818,"date":"2023-12-02T16:38:42","date_gmt":"2023-12-02T15:38:42","guid":{"rendered":"https:\/\/expro-testy.milleniumhost.pl\/produkt\/lacznik-wzmocnienia-regalu-systemowego-gondolowego-2070mm-r-90576\/"},"modified":"2023-12-02T16:38:42","modified_gmt":"2023-12-02T15:38:42","slug":"lacznik-wzmocnienia-regalu-systemowego-gondolowego-2070mm-r-90576","status":"publish","type":"product","link":"https:\/\/expro-testy.milleniumhost.pl\/en\/produkt\/lacznik-wzmocnienia-regalu-systemowego-gondolowego-2070mm-r-90576\/","title":{"rendered":"\u0141\u0104CZNIK WZMOCNIENIA REGA\u0141U SYSTEMOWEGO GONDOLOWEGO 2070mm R-90576"},"content":{"rendered":"<p>w opracowaniu<\/p>\n","protected":false},"excerpt":{"rendered":"<p>w opracowaniu<\/p>\n","protected":false},"featured_media":4448,"template":"","meta":[],"product_cat":[150,586,130,855],"product_tag":[],"class_list":{"0":"post-3818","1":"product","2":"type-product","3":"status-publish","4":"has-post-thumbnail","6":"product_cat-elementy-konstrukcyjne-regalu-es-przysciennego","7":"product_cat-przedluzki-wzmocnienia-stezenia","8":"product_cat-regaly-es-przyscienne","9":"product_cat-wzmocnienia-stezenia-przedluzki-wzmocnienia-stezenia","10":"pa_jednostka-szt","11":"pa_material-stal","12":"pa_modul-416","13":"pa_objetosc-0-003-m3","14":"pa_rodzaj-mocowania-skrecane","16":"first","17":"instock","18":"purchasable","19":"product-type-simple"},"acf":[],"_links":{"self":[{"href":"https:\/\/expro-testy.milleniumhost.pl\/en\/wp-json\/wp\/v2\/product\/3818","targetHints":{"allow":["GET"]}}],"collection":[{"href":"https:\/\/expro-testy.milleniumhost.pl\/en\/wp-json\/wp\/v2\/product"}],"about":[{"href":"https:\/\/expro-testy.milleniumhost.pl\/en\/wp-json\/wp\/v2\/types\/product"}],"wp:featuredmedia":[{"embeddable":true,"href":"https:\/\/expro-testy.milleniumhost.pl\/en\/wp-json\/wp\/v2\/media\/4448"}],"wp:attachment":[{"href":"https:\/\/expro-testy.milleniumhost.pl\/en\/wp-json\/wp\/v2\/media?parent=3818"}],"wp:term":[{"taxonomy":"product_cat","embeddable":true,"href":"https:\/\/expro-testy.milleniumhost.pl\/en\/wp-json\/wp\/v2\/product_cat?post=3818"},{"taxonomy":"product_tag","embeddable":true,"href":"https:\/\/expro-testy.milleniumhost.pl\/en\/wp-json\/wp\/v2\/product_tag?post=3818"}],"curies":[{"name":"wp","href":"https:\/\/api.w.org\/{rel}","templated":true}]}}