

{"id":3822,"date":"2023-12-02T16:38:42","date_gmt":"2023-12-02T15:38:42","guid":{"rendered":"https:\/\/expro-testy.milleniumhost.pl\/produkt\/lyzka-do-butow-drewno-z-logo-stalco-r-90967-bu\/"},"modified":"2023-12-02T16:38:43","modified_gmt":"2023-12-02T15:38:43","slug":"lyzka-do-butow-drewno-z-logo-r-90967","status":"publish","type":"product","link":"https:\/\/expro-testy.milleniumhost.pl\/en\/produkt\/lyzka-do-butow-drewno-z-logo-r-90967\/","title":{"rendered":"\u0141Y\u017bKA DO BUT\u00d3W DREWNO Z LOGO &#8221; R-90967"},"content":{"rendered":"<p>w opracowaniu<\/p>\n","protected":false},"excerpt":{"rendered":"<p>w opracowaniu<\/p>\n","protected":false},"featured_media":2813,"template":"","meta":[],"product_cat":[142,166,136],"product_tag":[769],"class_list":{"0":"post-3822","1":"product","2":"type-product","3":"status-publish","4":"has-post-thumbnail","6":"product_cat-ekspozytory-gondole-bhp-przymierzalnie","7":"product_cat-przymierzalnie-ekspozytory-gondole-bhp-przymierzalnie","8":"product_cat-strefa-bhp","9":"product_tag-domyslny","10":"pa_jednostka-szt","11":"pa_material-drewno","12":"pa_modul-416","13":"pa_objetosc-0-000-m3","14":"pa_rodzaj-mocowania-wieszana","16":"first","17":"instock","18":"purchasable","19":"product-type-simple"},"acf":[],"_links":{"self":[{"href":"https:\/\/expro-testy.milleniumhost.pl\/en\/wp-json\/wp\/v2\/product\/3822","targetHints":{"allow":["GET"]}}],"collection":[{"href":"https:\/\/expro-testy.milleniumhost.pl\/en\/wp-json\/wp\/v2\/product"}],"about":[{"href":"https:\/\/expro-testy.milleniumhost.pl\/en\/wp-json\/wp\/v2\/types\/product"}],"wp:featuredmedia":[{"embeddable":true,"href":"https:\/\/expro-testy.milleniumhost.pl\/en\/wp-json\/wp\/v2\/media\/2813"}],"wp:attachment":[{"href":"https:\/\/expro-testy.milleniumhost.pl\/en\/wp-json\/wp\/v2\/media?parent=3822"}],"wp:term":[{"taxonomy":"product_cat","embeddable":true,"href":"https:\/\/expro-testy.milleniumhost.pl\/en\/wp-json\/wp\/v2\/product_cat?post=3822"},{"taxonomy":"product_tag","embeddable":true,"href":"https:\/\/expro-testy.milleniumhost.pl\/en\/wp-json\/wp\/v2\/product_tag?post=3822"}],"curies":[{"name":"wp","href":"https:\/\/api.w.org\/{rel}","templated":true}]}}