

{"id":3863,"date":"2023-12-02T16:39:08","date_gmt":"2023-12-02T15:39:08","guid":{"rendered":"https:\/\/expro-testy.milleniumhost.pl\/produkt\/noga-systemowa-wysoka-60x30mm-czesc-dolna-1070mm-r-92310\/"},"modified":"2023-12-02T16:39:10","modified_gmt":"2023-12-02T15:39:10","slug":"noga-systemowa-wysoka-60x30mm-czesc-dolna-1070mm-r-92310","status":"publish","type":"product","link":"https:\/\/expro-testy.milleniumhost.pl\/en\/produkt\/noga-systemowa-wysoka-60x30mm-czesc-dolna-1070mm-r-92310\/","title":{"rendered":"NOGA SYSTEMOWA WYSOKA 60x30MM CZ\u0118\u015a\u0106 DOLNA 1070MM R-92310"},"content":{"rendered":"<p>w opracowaniu<\/p>\n","protected":false},"excerpt":{"rendered":"<p>w opracowaniu<\/p>\n","protected":false},"featured_media":2863,"template":"","meta":[],"product_cat":[150,208,130],"product_tag":[],"class_list":{"0":"post-3863","1":"product","2":"type-product","3":"status-publish","4":"has-post-thumbnail","6":"product_cat-elementy-konstrukcyjne-regalu-es-przysciennego","7":"product_cat-nogi-standardowe","8":"product_cat-regaly-es-przyscienne","9":"pa_jednostka-szt","10":"pa_material-stal","11":"pa_modul-416","12":"pa_objetosc-0-033-m3","13":"pa_rodzaj-mocowania-skrecane","15":"first","16":"instock","17":"purchasable","18":"product-type-simple"},"acf":[],"_links":{"self":[{"href":"https:\/\/expro-testy.milleniumhost.pl\/en\/wp-json\/wp\/v2\/product\/3863","targetHints":{"allow":["GET"]}}],"collection":[{"href":"https:\/\/expro-testy.milleniumhost.pl\/en\/wp-json\/wp\/v2\/product"}],"about":[{"href":"https:\/\/expro-testy.milleniumhost.pl\/en\/wp-json\/wp\/v2\/types\/product"}],"wp:featuredmedia":[{"embeddable":true,"href":"https:\/\/expro-testy.milleniumhost.pl\/en\/wp-json\/wp\/v2\/media\/2863"}],"wp:attachment":[{"href":"https:\/\/expro-testy.milleniumhost.pl\/en\/wp-json\/wp\/v2\/media?parent=3863"}],"wp:term":[{"taxonomy":"product_cat","embeddable":true,"href":"https:\/\/expro-testy.milleniumhost.pl\/en\/wp-json\/wp\/v2\/product_cat?post=3863"},{"taxonomy":"product_tag","embeddable":true,"href":"https:\/\/expro-testy.milleniumhost.pl\/en\/wp-json\/wp\/v2\/product_tag?post=3863"}],"curies":[{"name":"wp","href":"https:\/\/api.w.org\/{rel}","templated":true}]}}