

{"id":3883,"date":"2023-12-02T16:39:25","date_gmt":"2023-12-02T15:39:25","guid":{"rendered":"https:\/\/expro-testy.milleniumhost.pl\/produkt\/plecy-panelowe-ze-sklejki-do-regalu-wysokiego-skladowania-950-x-974-x-18mm-dol-r-91822\/"},"modified":"2023-12-02T16:39:25","modified_gmt":"2023-12-02T15:39:25","slug":"plecy-panelowe-ze-sklejki-do-regalu-wysokiego-skladowania-950-x-974-x-18mm-dol-r-91822","status":"publish","type":"product","link":"https:\/\/expro-testy.milleniumhost.pl\/en\/produkt\/plecy-panelowe-ze-sklejki-do-regalu-wysokiego-skladowania-950-x-974-x-18mm-dol-r-91822\/","title":{"rendered":"PLECY PANELOWE ZE SKLEJKI DO REGA\u0141U WYSOKIEGO SK\u0141ADOWANIA 950 x 974 x 18MM D\u00d3\u0141 R-91822"},"content":{"rendered":"<p>w opracowaniu<\/p>\n","protected":false},"excerpt":{"rendered":"<p>w opracowaniu<\/p>\n","protected":false},"featured_media":4466,"template":"","meta":[],"product_cat":[139,141,197,230,134,135],"product_tag":[],"class_list":{"0":"post-3883","1":"product","2":"type-product","3":"status-publish","4":"has-post-thumbnail","6":"product_cat-elementy-konstrukcyjne-regalu-ws-gondolowego","7":"product_cat-elementy-konstrukcyjne-regalu-ws-przysciennego","8":"product_cat-plecy-wypelniajace","9":"product_cat-plecy-wypelniajace-elementy-konstrukcyjne-regalu-ws-gondolowego","10":"product_cat-regaly-ws-gondolowe","11":"product_cat-regaly-ws-przyscienne","12":"pa_jednostka-szt","13":"pa_material-sklejka","14":"pa_modul-m1","15":"pa_objetosc-0-017-m3","16":"pa_rodzaj-mocowania-perforacja-nogi","18":"first","19":"instock","20":"purchasable","21":"product-type-simple"},"acf":[],"_links":{"self":[{"href":"https:\/\/expro-testy.milleniumhost.pl\/en\/wp-json\/wp\/v2\/product\/3883","targetHints":{"allow":["GET"]}}],"collection":[{"href":"https:\/\/expro-testy.milleniumhost.pl\/en\/wp-json\/wp\/v2\/product"}],"about":[{"href":"https:\/\/expro-testy.milleniumhost.pl\/en\/wp-json\/wp\/v2\/types\/product"}],"wp:featuredmedia":[{"embeddable":true,"href":"https:\/\/expro-testy.milleniumhost.pl\/en\/wp-json\/wp\/v2\/media\/4466"}],"wp:attachment":[{"href":"https:\/\/expro-testy.milleniumhost.pl\/en\/wp-json\/wp\/v2\/media?parent=3883"}],"wp:term":[{"taxonomy":"product_cat","embeddable":true,"href":"https:\/\/expro-testy.milleniumhost.pl\/en\/wp-json\/wp\/v2\/product_cat?post=3883"},{"taxonomy":"product_tag","embeddable":true,"href":"https:\/\/expro-testy.milleniumhost.pl\/en\/wp-json\/wp\/v2\/product_tag?post=3883"}],"curies":[{"name":"wp","href":"https:\/\/api.w.org\/{rel}","templated":true}]}}