

{"id":3888,"date":"2023-12-02T16:39:31","date_gmt":"2023-12-02T15:39:31","guid":{"rendered":"https:\/\/expro-testy.milleniumhost.pl\/produkt\/plaskownik-nogi-regalu-przysciennego-ws-500mmx30mmx8mm-r-91710\/"},"modified":"2023-12-02T16:39:33","modified_gmt":"2023-12-02T15:39:33","slug":"plaskownik-nogi-regalu-przysciennego-ws-500mmx30mmx8mm-r-91710","status":"publish","type":"product","link":"https:\/\/expro-testy.milleniumhost.pl\/en\/produkt\/plaskownik-nogi-regalu-przysciennego-ws-500mmx30mmx8mm-r-91710\/","title":{"rendered":"P\u0141ASKOWNIK NOGI REGA\u0141U PRZY\u015aCIENNEGO WS 500mmx30mmx8mm R-91710"},"content":{"rendered":"<p>w opracowaniu<\/p>\n","protected":false},"excerpt":{"rendered":"<p>w opracowaniu<\/p>\n","protected":false},"featured_media":4468,"template":"","meta":[],"product_cat":[141,636,1001,135],"product_tag":[],"class_list":{"0":"post-3888","1":"product","2":"type-product","3":"status-publish","4":"has-post-thumbnail","6":"product_cat-elementy-konstrukcyjne-regalu-ws-przysciennego","7":"product_cat-nogi-przyscienne-przedluzki","8":"product_cat-przedluzki-stezenia","9":"product_cat-regaly-ws-przyscienne","10":"pa_jednostka-szt","11":"pa_material-stal","12":"pa_modul-416","13":"pa_objetosc-0-000-m3","14":"pa_rodzaj-mocowania-skrecane","16":"first","17":"instock","18":"purchasable","19":"product-type-simple"},"acf":[],"_links":{"self":[{"href":"https:\/\/expro-testy.milleniumhost.pl\/en\/wp-json\/wp\/v2\/product\/3888","targetHints":{"allow":["GET"]}}],"collection":[{"href":"https:\/\/expro-testy.milleniumhost.pl\/en\/wp-json\/wp\/v2\/product"}],"about":[{"href":"https:\/\/expro-testy.milleniumhost.pl\/en\/wp-json\/wp\/v2\/types\/product"}],"wp:featuredmedia":[{"embeddable":true,"href":"https:\/\/expro-testy.milleniumhost.pl\/en\/wp-json\/wp\/v2\/media\/4468"}],"wp:attachment":[{"href":"https:\/\/expro-testy.milleniumhost.pl\/en\/wp-json\/wp\/v2\/media?parent=3888"}],"wp:term":[{"taxonomy":"product_cat","embeddable":true,"href":"https:\/\/expro-testy.milleniumhost.pl\/en\/wp-json\/wp\/v2\/product_cat?post=3888"},{"taxonomy":"product_tag","embeddable":true,"href":"https:\/\/expro-testy.milleniumhost.pl\/en\/wp-json\/wp\/v2\/product_tag?post=3888"}],"curies":[{"name":"wp","href":"https:\/\/api.w.org\/{rel}","templated":true}]}}