

{"id":3892,"date":"2023-12-02T16:39:31","date_gmt":"2023-12-02T15:39:31","guid":{"rendered":"https:\/\/expro-testy.milleniumhost.pl\/produkt\/podest-duzy-dlug-470-x-gleb-500-x-grub-1mm-r-91391\/"},"modified":"2023-12-02T16:39:33","modified_gmt":"2023-12-02T15:39:33","slug":"podest-duzy-dlug-470-x-gleb-500-x-grub-1mm-r-91391","status":"publish","type":"product","link":"https:\/\/expro-testy.milleniumhost.pl\/en\/produkt\/podest-duzy-dlug-470-x-gleb-500-x-grub-1mm-r-91391\/","title":{"rendered":"PODEST DU\u017bY D\u0141UG.470 x G\u0141\u0118B.500 x GRUB.1MM R-91391"},"content":{"rendered":"<p>w opracowaniu<\/p>\n","protected":false},"excerpt":{"rendered":"<p>w opracowaniu<\/p>\n","protected":false},"featured_media":4469,"template":"","meta":[],"product_cat":[150,209,130],"product_tag":[],"class_list":{"0":"post-3892","1":"product","2":"type-product","3":"status-publish","4":"has-post-thumbnail","6":"product_cat-elementy-konstrukcyjne-regalu-es-przysciennego","7":"product_cat-podesty","8":"product_cat-regaly-es-przyscienne","9":"pa_jednostka-szt","10":"pa_material-stal","11":"pa_modul-m05","12":"pa_objetosc-0-019-m3","13":"pa_rodzaj-mocowania-wpinane-w-noge-es","15":"first","16":"instock","17":"purchasable","18":"product-type-simple"},"acf":[],"_links":{"self":[{"href":"https:\/\/expro-testy.milleniumhost.pl\/en\/wp-json\/wp\/v2\/product\/3892","targetHints":{"allow":["GET"]}}],"collection":[{"href":"https:\/\/expro-testy.milleniumhost.pl\/en\/wp-json\/wp\/v2\/product"}],"about":[{"href":"https:\/\/expro-testy.milleniumhost.pl\/en\/wp-json\/wp\/v2\/types\/product"}],"wp:featuredmedia":[{"embeddable":true,"href":"https:\/\/expro-testy.milleniumhost.pl\/en\/wp-json\/wp\/v2\/media\/4469"}],"wp:attachment":[{"href":"https:\/\/expro-testy.milleniumhost.pl\/en\/wp-json\/wp\/v2\/media?parent=3892"}],"wp:term":[{"taxonomy":"product_cat","embeddable":true,"href":"https:\/\/expro-testy.milleniumhost.pl\/en\/wp-json\/wp\/v2\/product_cat?post=3892"},{"taxonomy":"product_tag","embeddable":true,"href":"https:\/\/expro-testy.milleniumhost.pl\/en\/wp-json\/wp\/v2\/product_tag?post=3892"}],"curies":[{"name":"wp","href":"https:\/\/api.w.org\/{rel}","templated":true}]}}