

{"id":3913,"date":"2023-12-02T16:39:44","date_gmt":"2023-12-02T15:39:44","guid":{"rendered":"https:\/\/expro-testy.milleniumhost.pl\/produkt\/polka-473x450x86mm-na-lekka-chemie-mocowanie-na-perforacje-nogi-r-90938\/"},"modified":"2023-12-02T16:39:46","modified_gmt":"2023-12-02T15:39:46","slug":"polka-473x450x86mm-na-lekka-chemie-mocowanie-na-perforacje-nogi-r-90938","status":"publish","type":"product","link":"https:\/\/expro-testy.milleniumhost.pl\/en\/produkt\/polka-473x450x86mm-na-lekka-chemie-mocowanie-na-perforacje-nogi-r-90938\/","title":{"rendered":"P\u00d3\u0141KA 473X450X86MM NA LEKK\u0104 CHEMI\u0118 MOCOWANIE NA PERFORACJ\u0118 NOGI R-90938"},"content":{"rendered":"<p>w opracowaniu<\/p>\n","protected":false},"excerpt":{"rendered":"<p>w opracowaniu<\/p>\n","protected":false},"featured_media":2931,"template":"","meta":[],"product_cat":[131,320,314,251,243,130],"product_tag":[],"class_list":{"0":"post-3913","1":"product","2":"type-product","3":"status-publish","4":"has-post-thumbnail","6":"product_cat-osprzet-do-regalow-es","7":"product_cat-polki_specjalistyczne-polki-oswietlenie-osprzet-do-regalow-es","8":"product_cat-polki_specjalistyczne","9":"product_cat-polki-oswietlenie-osprzet-do-regalow-es","10":"product_cat-polki-oswietlenie-osprzet-do-regalow-es-gondolowego","11":"product_cat-regaly-es-przyscienne","12":"pa_jednostka-szt","13":"pa_material-stal","14":"pa_modul-m05","15":"pa_objetosc-0-019-m3","16":"pa_rodzaj-mocowania-perf-nogi","18":"first","19":"instock","20":"purchasable","21":"product-type-simple"},"acf":[],"_links":{"self":[{"href":"https:\/\/expro-testy.milleniumhost.pl\/en\/wp-json\/wp\/v2\/product\/3913","targetHints":{"allow":["GET"]}}],"collection":[{"href":"https:\/\/expro-testy.milleniumhost.pl\/en\/wp-json\/wp\/v2\/product"}],"about":[{"href":"https:\/\/expro-testy.milleniumhost.pl\/en\/wp-json\/wp\/v2\/types\/product"}],"wp:featuredmedia":[{"embeddable":true,"href":"https:\/\/expro-testy.milleniumhost.pl\/en\/wp-json\/wp\/v2\/media\/2931"}],"wp:attachment":[{"href":"https:\/\/expro-testy.milleniumhost.pl\/en\/wp-json\/wp\/v2\/media?parent=3913"}],"wp:term":[{"taxonomy":"product_cat","embeddable":true,"href":"https:\/\/expro-testy.milleniumhost.pl\/en\/wp-json\/wp\/v2\/product_cat?post=3913"},{"taxonomy":"product_tag","embeddable":true,"href":"https:\/\/expro-testy.milleniumhost.pl\/en\/wp-json\/wp\/v2\/product_tag?post=3913"}],"curies":[{"name":"wp","href":"https:\/\/api.w.org\/{rel}","templated":true}]}}