

{"id":3917,"date":"2023-12-02T16:39:44","date_gmt":"2023-12-02T15:39:44","guid":{"rendered":"https:\/\/expro-testy.milleniumhost.pl\/produkt\/polka-956x450x86mm-na-lekka-chemie-mocowanie-na-perforacje-nogi-r-90916\/"},"modified":"2023-12-02T16:39:46","modified_gmt":"2023-12-02T15:39:46","slug":"polka-956x450x86mm-na-lekka-chemie-mocowanie-na-perforacje-nogi-r-90916","status":"publish","type":"product","link":"https:\/\/expro-testy.milleniumhost.pl\/en\/produkt\/polka-956x450x86mm-na-lekka-chemie-mocowanie-na-perforacje-nogi-r-90916\/","title":{"rendered":"P\u00d3\u0141KA 956X450X86MM NA LEKK\u0104 CHEMI\u0118 MOCOWANIE NA PERFORACJ\u0118 NOGI R-90916"},"content":{"rendered":"<p>w opracowaniu<\/p>\n","protected":false},"excerpt":{"rendered":"<p>w opracowaniu<\/p>\n","protected":false},"featured_media":2931,"template":"","meta":[],"product_cat":[138,140,131,323,314,337,320,251,224,243,217,130,134,135],"product_tag":[],"class_list":{"0":"post-3917","1":"product","2":"type-product","3":"status-publish","4":"has-post-thumbnail","6":"product_cat-osprzet-do-regalow-ws-gondola","7":"product_cat-osprzet-do-regalow-ws-przysciennego","8":"product_cat-osprzet-do-regalow-es","9":"product_cat-polki_specjalistyczne_gws","10":"product_cat-polki_specjalistyczne","11":"product_cat-polki-specjalistyczne_pws","12":"product_cat-polki_specjalistyczne-polki-oswietlenie-osprzet-do-regalow-es","13":"product_cat-polki-oswietlenie-osprzet-do-regalow-es","14":"product_cat-polki-oswietlenie-osprzet-do-regalow-ws-gondola","15":"product_cat-polki-oswietlenie-osprzet-do-regalow-es-gondolowego","16":"product_cat-polki_oswietlenie_pws","17":"product_cat-regaly-es-przyscienne","18":"product_cat-regaly-ws-gondolowe","19":"product_cat-regaly-ws-przyscienne","20":"pa_jednostka-szt","21":"pa_material-stal","22":"pa_modul-m1","23":"pa_objetosc-0-039-m3","24":"pa_rodzaj-mocowania-perf-nogi","26":"first","27":"instock","28":"purchasable","29":"product-type-simple"},"acf":[],"_links":{"self":[{"href":"https:\/\/expro-testy.milleniumhost.pl\/en\/wp-json\/wp\/v2\/product\/3917","targetHints":{"allow":["GET"]}}],"collection":[{"href":"https:\/\/expro-testy.milleniumhost.pl\/en\/wp-json\/wp\/v2\/product"}],"about":[{"href":"https:\/\/expro-testy.milleniumhost.pl\/en\/wp-json\/wp\/v2\/types\/product"}],"wp:featuredmedia":[{"embeddable":true,"href":"https:\/\/expro-testy.milleniumhost.pl\/en\/wp-json\/wp\/v2\/media\/2931"}],"wp:attachment":[{"href":"https:\/\/expro-testy.milleniumhost.pl\/en\/wp-json\/wp\/v2\/media?parent=3917"}],"wp:term":[{"taxonomy":"product_cat","embeddable":true,"href":"https:\/\/expro-testy.milleniumhost.pl\/en\/wp-json\/wp\/v2\/product_cat?post=3917"},{"taxonomy":"product_tag","embeddable":true,"href":"https:\/\/expro-testy.milleniumhost.pl\/en\/wp-json\/wp\/v2\/product_tag?post=3917"}],"curies":[{"name":"wp","href":"https:\/\/api.w.org\/{rel}","templated":true}]}}