

{"id":3934,"date":"2023-12-02T16:39:57","date_gmt":"2023-12-02T15:39:57","guid":{"rendered":"https:\/\/expro-testy.milleniumhost.pl\/produkt\/polka-narozna-wewnetrzna-prawa-350mm-r-91885\/"},"modified":"2023-12-02T16:39:59","modified_gmt":"2023-12-02T15:39:59","slug":"polka-narozna-wewnetrzna-prawa-350mm-r-91885","status":"publish","type":"product","link":"https:\/\/expro-testy.milleniumhost.pl\/en\/produkt\/polka-narozna-wewnetrzna-prawa-350mm-r-91885\/","title":{"rendered":"P\u00d3\u0141KA NARO\u017bNA WEWN\u0118TRZNA PRAWA 350mm R-91885"},"content":{"rendered":"<p>w opracowaniu<\/p>\n","protected":false},"excerpt":{"rendered":"<p>w opracowaniu<\/p>\n","protected":false},"featured_media":4473,"template":"","meta":[],"product_cat":[131,859,251,130],"product_tag":[],"class_list":{"0":"post-3934","1":"product","2":"type-product","3":"status-publish","4":"has-post-thumbnail","6":"product_cat-osprzet-do-regalow-es","7":"product_cat-polki-narozne-polki-oswietlenie-osprzet-do-regalow-es","8":"product_cat-polki-oswietlenie-osprzet-do-regalow-es","9":"product_cat-regaly-es-przyscienne","10":"pa_jednostka-szt","11":"pa_material-stal","12":"pa_modul-m1","13":"pa_objetosc-0-012-m3","14":"pa_rodzaj-mocowania-perf-nogi-es","16":"first","17":"instock","18":"purchasable","19":"product-type-simple"},"acf":[],"_links":{"self":[{"href":"https:\/\/expro-testy.milleniumhost.pl\/en\/wp-json\/wp\/v2\/product\/3934","targetHints":{"allow":["GET"]}}],"collection":[{"href":"https:\/\/expro-testy.milleniumhost.pl\/en\/wp-json\/wp\/v2\/product"}],"about":[{"href":"https:\/\/expro-testy.milleniumhost.pl\/en\/wp-json\/wp\/v2\/types\/product"}],"wp:featuredmedia":[{"embeddable":true,"href":"https:\/\/expro-testy.milleniumhost.pl\/en\/wp-json\/wp\/v2\/media\/4473"}],"wp:attachment":[{"href":"https:\/\/expro-testy.milleniumhost.pl\/en\/wp-json\/wp\/v2\/media?parent=3934"}],"wp:term":[{"taxonomy":"product_cat","embeddable":true,"href":"https:\/\/expro-testy.milleniumhost.pl\/en\/wp-json\/wp\/v2\/product_cat?post=3934"},{"taxonomy":"product_tag","embeddable":true,"href":"https:\/\/expro-testy.milleniumhost.pl\/en\/wp-json\/wp\/v2\/product_tag?post=3934"}],"curies":[{"name":"wp","href":"https:\/\/api.w.org\/{rel}","templated":true}]}}