

{"id":3943,"date":"2023-12-02T16:40:04","date_gmt":"2023-12-02T15:40:04","guid":{"rendered":"https:\/\/expro-testy.milleniumhost.pl\/produkt\/polka-narozna-zewnetrzna-lewa-400mm-r-91891\/"},"modified":"2023-12-02T16:40:05","modified_gmt":"2023-12-02T15:40:05","slug":"polka-narozna-zewnetrzna-lewa-400mm-r-91891","status":"publish","type":"product","link":"https:\/\/expro-testy.milleniumhost.pl\/en\/produkt\/polka-narozna-zewnetrzna-lewa-400mm-r-91891\/","title":{"rendered":"P\u00d3\u0141KA NARO\u017bNA ZEWN\u0118TRZNA LEWA 400mm R-91891"},"content":{"rendered":"<p>w opracowaniu<\/p>\n","protected":false},"excerpt":{"rendered":"<p>w opracowaniu<\/p>\n","protected":false},"featured_media":4475,"template":"","meta":[],"product_cat":[131,859,251,130],"product_tag":[],"class_list":{"0":"post-3943","1":"product","2":"type-product","3":"status-publish","4":"has-post-thumbnail","6":"product_cat-osprzet-do-regalow-es","7":"product_cat-polki-narozne-polki-oswietlenie-osprzet-do-regalow-es","8":"product_cat-polki-oswietlenie-osprzet-do-regalow-es","9":"product_cat-regaly-es-przyscienne","10":"pa_jednostka-szt","11":"pa_material-stal","12":"pa_modul-m1","13":"pa_objetosc-0-019-m3","14":"pa_rodzaj-mocowania-perf-nogi-es","16":"first","17":"instock","18":"purchasable","19":"product-type-simple"},"acf":[],"_links":{"self":[{"href":"https:\/\/expro-testy.milleniumhost.pl\/en\/wp-json\/wp\/v2\/product\/3943","targetHints":{"allow":["GET"]}}],"collection":[{"href":"https:\/\/expro-testy.milleniumhost.pl\/en\/wp-json\/wp\/v2\/product"}],"about":[{"href":"https:\/\/expro-testy.milleniumhost.pl\/en\/wp-json\/wp\/v2\/types\/product"}],"wp:featuredmedia":[{"embeddable":true,"href":"https:\/\/expro-testy.milleniumhost.pl\/en\/wp-json\/wp\/v2\/media\/4475"}],"wp:attachment":[{"href":"https:\/\/expro-testy.milleniumhost.pl\/en\/wp-json\/wp\/v2\/media?parent=3943"}],"wp:term":[{"taxonomy":"product_cat","embeddable":true,"href":"https:\/\/expro-testy.milleniumhost.pl\/en\/wp-json\/wp\/v2\/product_cat?post=3943"},{"taxonomy":"product_tag","embeddable":true,"href":"https:\/\/expro-testy.milleniumhost.pl\/en\/wp-json\/wp\/v2\/product_tag?post=3943"}],"curies":[{"name":"wp","href":"https:\/\/api.w.org\/{rel}","templated":true}]}}