

{"id":3958,"date":"2023-12-02T16:40:17","date_gmt":"2023-12-02T15:40:17","guid":{"rendered":"https:\/\/expro-testy.milleniumhost.pl\/produkt\/polka-odkladowa-z-plyty-bialej-1872x508x18mm-do-reg-pojedynczego-ws-l-2000-r-91081\/"},"modified":"2023-12-02T16:40:18","modified_gmt":"2023-12-02T15:40:18","slug":"polka-odkladowa-z-plyty-bialej-1872x508x18mm-do-reg-pojedynczego-ws-l-2000-r-91081","status":"publish","type":"product","link":"https:\/\/expro-testy.milleniumhost.pl\/en\/produkt\/polka-odkladowa-z-plyty-bialej-1872x508x18mm-do-reg-pojedynczego-ws-l-2000-r-91081\/","title":{"rendered":"P\u00d3\u0141KA ODK\u0141ADOWA Z P\u0141YTY BIA\u0141EJ 1872X508X18MM DO REG. POJEDY\u0143CZEGO WS L-2000, R-91081"},"content":{"rendered":"<p>w opracowaniu<\/p>\n","protected":false},"excerpt":{"rendered":"<p>w opracowaniu<\/p>\n","protected":false},"featured_media":4477,"template":"","meta":[],"product_cat":[139,141,194,227,134,135],"product_tag":[968],"class_list":{"0":"post-3958","1":"product","2":"type-product","3":"status-publish","4":"has-post-thumbnail","6":"product_cat-elementy-konstrukcyjne-regalu-ws-gondolowego","7":"product_cat-elementy-konstrukcyjne-regalu-ws-przysciennego","8":"product_cat-polki_odkladowe_z_plyty","9":"product_cat-polki-z-plyty-elementy-konstrukcyjne-regalu-ws-gondolowego","10":"product_cat-regaly-ws-gondolowe","11":"product_cat-regaly-ws-przyscienne","12":"product_tag-dekor","13":"pa_jednostka-szt","14":"pa_material-plyta-meblowa","15":"pa_modul-2xm1","16":"pa_objetosc-0-017-m3","17":"pa_rodzaj-mocowania-wpinane-w-trawers-prosty","19":"first","20":"instock","21":"purchasable","22":"product-type-simple"},"acf":[],"_links":{"self":[{"href":"https:\/\/expro-testy.milleniumhost.pl\/en\/wp-json\/wp\/v2\/product\/3958","targetHints":{"allow":["GET"]}}],"collection":[{"href":"https:\/\/expro-testy.milleniumhost.pl\/en\/wp-json\/wp\/v2\/product"}],"about":[{"href":"https:\/\/expro-testy.milleniumhost.pl\/en\/wp-json\/wp\/v2\/types\/product"}],"wp:featuredmedia":[{"embeddable":true,"href":"https:\/\/expro-testy.milleniumhost.pl\/en\/wp-json\/wp\/v2\/media\/4477"}],"wp:attachment":[{"href":"https:\/\/expro-testy.milleniumhost.pl\/en\/wp-json\/wp\/v2\/media?parent=3958"}],"wp:term":[{"taxonomy":"product_cat","embeddable":true,"href":"https:\/\/expro-testy.milleniumhost.pl\/en\/wp-json\/wp\/v2\/product_cat?post=3958"},{"taxonomy":"product_tag","embeddable":true,"href":"https:\/\/expro-testy.milleniumhost.pl\/en\/wp-json\/wp\/v2\/product_tag?post=3958"}],"curies":[{"name":"wp","href":"https:\/\/api.w.org\/{rel}","templated":true}]}}