

{"id":3966,"date":"2023-12-02T16:40:17","date_gmt":"2023-12-02T15:40:17","guid":{"rendered":"https:\/\/expro-testy.milleniumhost.pl\/produkt\/polka-odkladowa-z-plyty-bialej-pod-profil-schod-1278x545x25mm-do-reg-poj-ws-l-1320-r-92613\/"},"modified":"2023-12-02T16:40:19","modified_gmt":"2023-12-02T15:40:19","slug":"polka-odkladowa-z-plyty-bialej-pod-profil-schod-1278x545x25mm-do-reg-poj-ws-l-1320-r-92613","status":"publish","type":"product","link":"https:\/\/expro-testy.milleniumhost.pl\/en\/produkt\/polka-odkladowa-z-plyty-bialej-pod-profil-schod-1278x545x25mm-do-reg-poj-ws-l-1320-r-92613\/","title":{"rendered":"P\u00d3\u0141KA ODK\u0141ADOWA Z P\u0141YTY BIA\u0141EJ POD PROFIL SCHOD 1278X545X25MM DO REG. POJ. WS L-1320 R-92613"},"content":{"rendered":"<p>w opracowaniu<\/p>\n","protected":false},"excerpt":{"rendered":"<p>w opracowaniu<\/p>\n","protected":false},"featured_media":4477,"template":"","meta":[],"product_cat":[139,141,332,232,134,135],"product_tag":[968],"class_list":{"0":"post-3966","1":"product","2":"type-product","3":"status-publish","4":"has-post-thumbnail","6":"product_cat-elementy-konstrukcyjne-regalu-ws-gondolowego","7":"product_cat-elementy-konstrukcyjne-regalu-ws-przysciennego","8":"product_cat-podesty-z-plyty_pws","9":"product_cat-podesty-elementy-konstrukcyjne-regalu-ws-gondolowego","10":"product_cat-regaly-ws-gondolowe","11":"product_cat-regaly-ws-przyscienne","12":"product_tag-dekor","13":"pa_jednostka-szt","14":"pa_material-plyta-meblowa","15":"pa_modul-m132","16":"pa_objetosc-0-017-m3","17":"pa_rodzaj-mocowania-wpinane-w-trawers-schodkowy","19":"first","20":"instock","21":"purchasable","22":"product-type-simple"},"acf":[],"_links":{"self":[{"href":"https:\/\/expro-testy.milleniumhost.pl\/en\/wp-json\/wp\/v2\/product\/3966","targetHints":{"allow":["GET"]}}],"collection":[{"href":"https:\/\/expro-testy.milleniumhost.pl\/en\/wp-json\/wp\/v2\/product"}],"about":[{"href":"https:\/\/expro-testy.milleniumhost.pl\/en\/wp-json\/wp\/v2\/types\/product"}],"wp:featuredmedia":[{"embeddable":true,"href":"https:\/\/expro-testy.milleniumhost.pl\/en\/wp-json\/wp\/v2\/media\/4477"}],"wp:attachment":[{"href":"https:\/\/expro-testy.milleniumhost.pl\/en\/wp-json\/wp\/v2\/media?parent=3966"}],"wp:term":[{"taxonomy":"product_cat","embeddable":true,"href":"https:\/\/expro-testy.milleniumhost.pl\/en\/wp-json\/wp\/v2\/product_cat?post=3966"},{"taxonomy":"product_tag","embeddable":true,"href":"https:\/\/expro-testy.milleniumhost.pl\/en\/wp-json\/wp\/v2\/product_tag?post=3966"}],"curies":[{"name":"wp","href":"https:\/\/api.w.org\/{rel}","templated":true}]}}