

{"id":3970,"date":"2023-12-02T16:40:23","date_gmt":"2023-12-02T15:40:23","guid":{"rendered":"https:\/\/expro-testy.milleniumhost.pl\/produkt\/polka-odkladowa-z-plyty-bialej-pod-profil-schod-908x545x25mm-do-reg-poj-ws-l-1000-r-92611\/"},"modified":"2023-12-02T16:40:24","modified_gmt":"2023-12-02T15:40:24","slug":"polka-odkladowa-z-plyty-bialej-pod-profil-schod-908x545x25mm-do-reg-poj-ws-l-1000-r-92611","status":"publish","type":"product","link":"https:\/\/expro-testy.milleniumhost.pl\/en\/produkt\/polka-odkladowa-z-plyty-bialej-pod-profil-schod-908x545x25mm-do-reg-poj-ws-l-1000-r-92611\/","title":{"rendered":"P\u00d3\u0141KA ODK\u0141ADOWA Z P\u0141YTY BIA\u0141EJ POD PROFIL SCHOD 908X545X25MM DO REG. POJ. WS L-1000 R-92611"},"content":{"rendered":"<p>w opracowaniu<\/p>\n","protected":false},"excerpt":{"rendered":"<p>w opracowaniu<\/p>\n","protected":false},"featured_media":4477,"template":"","meta":[],"product_cat":[139,141,232,332,134,135],"product_tag":[968],"class_list":{"0":"post-3970","1":"product","2":"type-product","3":"status-publish","4":"has-post-thumbnail","6":"product_cat-elementy-konstrukcyjne-regalu-ws-gondolowego","7":"product_cat-elementy-konstrukcyjne-regalu-ws-przysciennego","8":"product_cat-podesty-elementy-konstrukcyjne-regalu-ws-gondolowego","9":"product_cat-podesty-z-plyty_pws","10":"product_cat-regaly-ws-gondolowe","11":"product_cat-regaly-ws-przyscienne","12":"product_tag-dekor","13":"pa_jednostka-szt","14":"pa_material-plyta-meblowa","15":"pa_modul-m1","16":"pa_objetosc-0-012-m3","17":"pa_rodzaj-mocowania-wpinane-w-trawers-schodkowy","19":"first","20":"instock","21":"purchasable","22":"product-type-simple"},"acf":[],"_links":{"self":[{"href":"https:\/\/expro-testy.milleniumhost.pl\/en\/wp-json\/wp\/v2\/product\/3970","targetHints":{"allow":["GET"]}}],"collection":[{"href":"https:\/\/expro-testy.milleniumhost.pl\/en\/wp-json\/wp\/v2\/product"}],"about":[{"href":"https:\/\/expro-testy.milleniumhost.pl\/en\/wp-json\/wp\/v2\/types\/product"}],"wp:featuredmedia":[{"embeddable":true,"href":"https:\/\/expro-testy.milleniumhost.pl\/en\/wp-json\/wp\/v2\/media\/4477"}],"wp:attachment":[{"href":"https:\/\/expro-testy.milleniumhost.pl\/en\/wp-json\/wp\/v2\/media?parent=3970"}],"wp:term":[{"taxonomy":"product_cat","embeddable":true,"href":"https:\/\/expro-testy.milleniumhost.pl\/en\/wp-json\/wp\/v2\/product_cat?post=3970"},{"taxonomy":"product_tag","embeddable":true,"href":"https:\/\/expro-testy.milleniumhost.pl\/en\/wp-json\/wp\/v2\/product_tag?post=3970"}],"curies":[{"name":"wp","href":"https:\/\/api.w.org\/{rel}","templated":true}]}}