

{"id":4047,"date":"2023-12-02T16:41:06","date_gmt":"2023-12-02T15:41:06","guid":{"rendered":"https:\/\/expro-testy.milleniumhost.pl\/produkt\/polka-z-plyty-wiorowej-melaminowanej-450mm-1320mm-r-91960\/"},"modified":"2023-12-02T16:41:08","modified_gmt":"2023-12-02T15:41:08","slug":"polka-z-plyty-wiorowej-melaminowanej-450mm-1320mm-r-91960","status":"publish","type":"product","link":"https:\/\/expro-testy.milleniumhost.pl\/en\/produkt\/polka-z-plyty-wiorowej-melaminowanej-450mm-1320mm-r-91960\/","title":{"rendered":"P\u00d3\u0141KA Z P\u0141YTY WI\u00d3ROWEJ MELAMINOWANEJ 450mm 1320mm R-91960"},"content":{"rendered":"<p>w opracowaniu<\/p>\n","protected":false},"excerpt":{"rendered":"<p>w opracowaniu<\/p>\n","protected":false},"featured_media":4488,"template":"","meta":[],"product_cat":[138,140,131,322,313,336,319,224,243,217,251,130,134,135],"product_tag":[968],"class_list":{"0":"post-4047","1":"product","2":"type-product","3":"status-publish","4":"has-post-thumbnail","6":"product_cat-osprzet-do-regalow-ws-gondola","7":"product_cat-osprzet-do-regalow-ws-przysciennego","8":"product_cat-osprzet-do-regalow-es","9":"product_cat-polki_standardowe-gws","10":"product_cat-polki_standardowe_ges","11":"product_cat-polki-standardowe_pws","12":"product_cat-polki_standardowe","13":"product_cat-polki-oswietlenie-osprzet-do-regalow-ws-gondola","14":"product_cat-polki-oswietlenie-osprzet-do-regalow-es-gondolowego","15":"product_cat-polki_oswietlenie_pws","16":"product_cat-polki-oswietlenie-osprzet-do-regalow-es","17":"product_cat-regaly-es-przyscienne","18":"product_cat-regaly-ws-gondolowe","19":"product_cat-regaly-ws-przyscienne","20":"product_tag-dekor","21":"pa_jednostka-szt","22":"pa_material-plyta-meblowa","23":"pa_modul-m132","24":"pa_objetosc-0-011-m3","25":"pa_rodzaj-mocowania-perf-nogi","27":"first","28":"instock","29":"purchasable","30":"product-type-simple"},"acf":[],"_links":{"self":[{"href":"https:\/\/expro-testy.milleniumhost.pl\/en\/wp-json\/wp\/v2\/product\/4047","targetHints":{"allow":["GET"]}}],"collection":[{"href":"https:\/\/expro-testy.milleniumhost.pl\/en\/wp-json\/wp\/v2\/product"}],"about":[{"href":"https:\/\/expro-testy.milleniumhost.pl\/en\/wp-json\/wp\/v2\/types\/product"}],"wp:featuredmedia":[{"embeddable":true,"href":"https:\/\/expro-testy.milleniumhost.pl\/en\/wp-json\/wp\/v2\/media\/4488"}],"wp:attachment":[{"href":"https:\/\/expro-testy.milleniumhost.pl\/en\/wp-json\/wp\/v2\/media?parent=4047"}],"wp:term":[{"taxonomy":"product_cat","embeddable":true,"href":"https:\/\/expro-testy.milleniumhost.pl\/en\/wp-json\/wp\/v2\/product_cat?post=4047"},{"taxonomy":"product_tag","embeddable":true,"href":"https:\/\/expro-testy.milleniumhost.pl\/en\/wp-json\/wp\/v2\/product_tag?post=4047"}],"curies":[{"name":"wp","href":"https:\/\/api.w.org\/{rel}","templated":true}]}}