

{"id":4052,"date":"2023-12-02T16:41:13","date_gmt":"2023-12-02T15:41:13","guid":{"rendered":"https:\/\/expro-testy.milleniumhost.pl\/produkt\/pret-fi-5-934-x-81mm-do-belek-na-listwe-cenowa-r-91832\/"},"modified":"2023-12-02T16:41:14","modified_gmt":"2023-12-02T15:41:14","slug":"pret-fi-5-934-x-81mm-do-belek-na-listwe-cenowa-r-91832","status":"publish","type":"product","link":"https:\/\/expro-testy.milleniumhost.pl\/en\/produkt\/pret-fi-5-934-x-81mm-do-belek-na-listwe-cenowa-r-91832\/","title":{"rendered":"PR\u0118T FI 5 934 x 81MM DO BELEK NA LISTW\u0118 CENOW\u0104 R-91832"},"content":{"rendered":"<p>w opracowaniu<\/p>\n","protected":false},"excerpt":{"rendered":"<p>w opracowaniu<\/p>\n","protected":false},"featured_media":3076,"template":"","meta":[],"product_cat":[220,249,213,306,334,299,138,140,131,130,134,135],"product_tag":[],"class_list":{"0":"post-4052","1":"product","2":"type-product","3":"status-publish","4":"has-post-thumbnail","6":"product_cat-belki-systemowe-listwy-informacyjne-osprzet-do-regalow-ws-gondola","7":"product_cat-belki-systemowe-listwy-informacyjne-osprzet-do-regalow-es","8":"product_cat-belki-systemowe-listwy-informacyjne","9":"product_cat-listwy_informacyjne-belki-systemowe-listwy-informacyjne-osprzet-do-regalow-ws-gondola","10":"product_cat-listwy-informacyjne_pws","11":"product_cat-listwy_informacyjne_pes","12":"product_cat-osprzet-do-regalow-ws-gondola","13":"product_cat-osprzet-do-regalow-ws-przysciennego","14":"product_cat-osprzet-do-regalow-es","15":"product_cat-regaly-es-przyscienne","16":"product_cat-regaly-ws-gondolowe","17":"product_cat-regaly-ws-przyscienne","18":"pa_jednostka-szt","19":"pa_material-stal","20":"pa_modul-m1","21":"pa_objetosc-0-001-m3","22":"pa_rodzaj-mocowania-belka","24":"first","25":"instock","26":"purchasable","27":"product-type-simple"},"acf":[],"_links":{"self":[{"href":"https:\/\/expro-testy.milleniumhost.pl\/en\/wp-json\/wp\/v2\/product\/4052","targetHints":{"allow":["GET"]}}],"collection":[{"href":"https:\/\/expro-testy.milleniumhost.pl\/en\/wp-json\/wp\/v2\/product"}],"about":[{"href":"https:\/\/expro-testy.milleniumhost.pl\/en\/wp-json\/wp\/v2\/types\/product"}],"wp:featuredmedia":[{"embeddable":true,"href":"https:\/\/expro-testy.milleniumhost.pl\/en\/wp-json\/wp\/v2\/media\/3076"}],"wp:attachment":[{"href":"https:\/\/expro-testy.milleniumhost.pl\/en\/wp-json\/wp\/v2\/media?parent=4052"}],"wp:term":[{"taxonomy":"product_cat","embeddable":true,"href":"https:\/\/expro-testy.milleniumhost.pl\/en\/wp-json\/wp\/v2\/product_cat?post=4052"},{"taxonomy":"product_tag","embeddable":true,"href":"https:\/\/expro-testy.milleniumhost.pl\/en\/wp-json\/wp\/v2\/product_tag?post=4052"}],"curies":[{"name":"wp","href":"https:\/\/api.w.org\/{rel}","templated":true}]}}