

{"id":4067,"date":"2023-12-02T16:41:21","date_gmt":"2023-12-02T15:41:21","guid":{"rendered":"https:\/\/expro-testy.milleniumhost.pl\/produkt\/przedluzka-nogi-regalu-gondolowego-500mm-r-91780\/"},"modified":"2023-12-02T16:41:23","modified_gmt":"2023-12-02T15:41:23","slug":"przedluzka-nogi-regalu-gondolowego-500mm-r-91780","status":"publish","type":"product","link":"https:\/\/expro-testy.milleniumhost.pl\/en\/produkt\/przedluzka-nogi-regalu-gondolowego-500mm-r-91780\/","title":{"rendered":"PRZED\u0141U\u017bKA NOGI REGA\u0141U GONDOLOWEGO 500MM R-91780"},"content":{"rendered":"<p>w opracowaniu<\/p>\n","protected":false},"excerpt":{"rendered":"<p>w opracowaniu<\/p>\n","protected":false},"featured_media":4502,"template":"","meta":[],"product_cat":[15],"product_tag":[],"class_list":{"0":"post-4067","1":"product","2":"type-product","3":"status-publish","4":"has-post-thumbnail","6":"product_cat-elementy-konstrukcji-regalow-standardowych-ekspozycyjnych","7":"pa_jednostka-szt","8":"pa_material-stal","9":"pa_modul-416","10":"pa_objetosc-0-001-m3","11":"pa_rodzaj-mocowania-wpinane-w-noge-es","13":"first","14":"instock","15":"purchasable","16":"product-type-simple"},"acf":[],"_links":{"self":[{"href":"https:\/\/expro-testy.milleniumhost.pl\/en\/wp-json\/wp\/v2\/product\/4067","targetHints":{"allow":["GET"]}}],"collection":[{"href":"https:\/\/expro-testy.milleniumhost.pl\/en\/wp-json\/wp\/v2\/product"}],"about":[{"href":"https:\/\/expro-testy.milleniumhost.pl\/en\/wp-json\/wp\/v2\/types\/product"}],"wp:featuredmedia":[{"embeddable":true,"href":"https:\/\/expro-testy.milleniumhost.pl\/en\/wp-json\/wp\/v2\/media\/4502"}],"wp:attachment":[{"href":"https:\/\/expro-testy.milleniumhost.pl\/en\/wp-json\/wp\/v2\/media?parent=4067"}],"wp:term":[{"taxonomy":"product_cat","embeddable":true,"href":"https:\/\/expro-testy.milleniumhost.pl\/en\/wp-json\/wp\/v2\/product_cat?post=4067"},{"taxonomy":"product_tag","embeddable":true,"href":"https:\/\/expro-testy.milleniumhost.pl\/en\/wp-json\/wp\/v2\/product_tag?post=4067"}],"curies":[{"name":"wp","href":"https:\/\/api.w.org\/{rel}","templated":true}]}}