

{"id":4068,"date":"2023-12-02T16:41:21","date_gmt":"2023-12-02T15:41:21","guid":{"rendered":"https:\/\/expro-testy.milleniumhost.pl\/produkt\/przedluzka-nogi-regalu-przysciennego-500mm-r-91045\/"},"modified":"2023-12-02T16:41:23","modified_gmt":"2023-12-02T15:41:23","slug":"przedluzka-nogi-regalu-przysciennego-500mm-r-91045","status":"publish","type":"product","link":"https:\/\/expro-testy.milleniumhost.pl\/en\/produkt\/przedluzka-nogi-regalu-przysciennego-500mm-r-91045\/","title":{"rendered":"PRZED\u0141U\u017bKA NOGI REGA\u0141U PRZY\u015aCIENNEGO 500MM R-91045"},"content":{"rendered":"<p>w opracowaniu<\/p>\n","protected":false},"excerpt":{"rendered":"<p>w opracowaniu<\/p>\n","protected":false},"featured_media":4502,"template":"","meta":[],"product_cat":[150,860,586,130],"product_tag":[],"class_list":{"0":"post-4068","1":"product","2":"type-product","3":"status-publish","4":"has-post-thumbnail","6":"product_cat-elementy-konstrukcyjne-regalu-es-przysciennego","7":"product_cat-przedluzki-przedluzki-wzmocnienia-stezenia","8":"product_cat-przedluzki-wzmocnienia-stezenia","9":"product_cat-regaly-es-przyscienne","10":"pa_jednostka-szt","11":"pa_material-stal","12":"pa_modul-416","13":"pa_objetosc-0-001-m3","14":"pa_rodzaj-mocowania-wpinane-w-noge-es","16":"first","17":"instock","18":"purchasable","19":"product-type-simple"},"acf":[],"_links":{"self":[{"href":"https:\/\/expro-testy.milleniumhost.pl\/en\/wp-json\/wp\/v2\/product\/4068","targetHints":{"allow":["GET"]}}],"collection":[{"href":"https:\/\/expro-testy.milleniumhost.pl\/en\/wp-json\/wp\/v2\/product"}],"about":[{"href":"https:\/\/expro-testy.milleniumhost.pl\/en\/wp-json\/wp\/v2\/types\/product"}],"wp:featuredmedia":[{"embeddable":true,"href":"https:\/\/expro-testy.milleniumhost.pl\/en\/wp-json\/wp\/v2\/media\/4502"}],"wp:attachment":[{"href":"https:\/\/expro-testy.milleniumhost.pl\/en\/wp-json\/wp\/v2\/media?parent=4068"}],"wp:term":[{"taxonomy":"product_cat","embeddable":true,"href":"https:\/\/expro-testy.milleniumhost.pl\/en\/wp-json\/wp\/v2\/product_cat?post=4068"},{"taxonomy":"product_tag","embeddable":true,"href":"https:\/\/expro-testy.milleniumhost.pl\/en\/wp-json\/wp\/v2\/product_tag?post=4068"}],"curies":[{"name":"wp","href":"https:\/\/api.w.org\/{rel}","templated":true}]}}