

{"id":4069,"date":"2023-12-02T16:41:21","date_gmt":"2023-12-02T15:41:21","guid":{"rendered":"https:\/\/expro-testy.milleniumhost.pl\/produkt\/przegroda-425x67mm-polki-na-lekka-chemie-r-90917\/"},"modified":"2023-12-02T16:41:23","modified_gmt":"2023-12-02T15:41:23","slug":"przegroda-425x67mm-polki-na-lekka-chemie-r-90917","status":"publish","type":"product","link":"https:\/\/expro-testy.milleniumhost.pl\/en\/produkt\/przegroda-425x67mm-polki-na-lekka-chemie-r-90917\/","title":{"rendered":"PRZEGRODA 425X67MM P\u00d3\u0141KI NA LEKK\u0104 CHEMI\u0118 R-90917"},"content":{"rendered":"<p>w opracowaniu<\/p>\n","protected":false},"excerpt":{"rendered":"<p>w opracowaniu<\/p>\n","protected":false},"featured_media":3099,"template":"","meta":[],"product_cat":[138,140,131,1014,1010,1012,1008,1020,1021,1019,1022,130,134,135],"product_tag":[],"class_list":{"0":"post-4069","1":"product","2":"type-product","3":"status-publish","4":"has-post-thumbnail","6":"product_cat-osprzet-do-regalow-ws-gondola","7":"product_cat-osprzet-do-regalow-ws-przysciennego","8":"product_cat-osprzet-do-regalow-es","9":"product_cat-przegrody-koszy-ograniczniki-osprzet-do-regalow-es","10":"product_cat-przegrody-koszy-ograniczniki-osprzet-do-regalow-ws-przysciennego","11":"product_cat-przegrody-koszy-ograniczniki-osprzet-do-regalu-es-gondolowego","12":"product_cat-przegrody-koszy-ograniczniki","13":"product_cat-przegrody-polek-przegrody-koszy-ograniczniki-osprzet-do-regalow-ws-przysciennego","14":"product_cat-przegrody-polek-przegrody-koszy-ograniczniki-osprzet-do-regalu-es-gondolowego","15":"product_cat-przegrody-polek-przegrody-koszy-ograniczniki","16":"product_cat-przegrody-polek-przegrody-koszy-ograniczniki-osprzet-do-regalow-es","17":"product_cat-regaly-es-przyscienne","18":"product_cat-regaly-ws-gondolowe","19":"product_cat-regaly-ws-przyscienne","20":"pa_jednostka-szt","21":"pa_material-stal","22":"pa_modul-416","23":"pa_objetosc-0-000-m3","24":"pa_rodzaj-mocowania-wpinana","26":"first","27":"instock","28":"purchasable","29":"product-type-simple"},"acf":[],"_links":{"self":[{"href":"https:\/\/expro-testy.milleniumhost.pl\/en\/wp-json\/wp\/v2\/product\/4069","targetHints":{"allow":["GET"]}}],"collection":[{"href":"https:\/\/expro-testy.milleniumhost.pl\/en\/wp-json\/wp\/v2\/product"}],"about":[{"href":"https:\/\/expro-testy.milleniumhost.pl\/en\/wp-json\/wp\/v2\/types\/product"}],"wp:featuredmedia":[{"embeddable":true,"href":"https:\/\/expro-testy.milleniumhost.pl\/en\/wp-json\/wp\/v2\/media\/3099"}],"wp:attachment":[{"href":"https:\/\/expro-testy.milleniumhost.pl\/en\/wp-json\/wp\/v2\/media?parent=4069"}],"wp:term":[{"taxonomy":"product_cat","embeddable":true,"href":"https:\/\/expro-testy.milleniumhost.pl\/en\/wp-json\/wp\/v2\/product_cat?post=4069"},{"taxonomy":"product_tag","embeddable":true,"href":"https:\/\/expro-testy.milleniumhost.pl\/en\/wp-json\/wp\/v2\/product_tag?post=4069"}],"curies":[{"name":"wp","href":"https:\/\/api.w.org\/{rel}","templated":true}]}}