

{"id":4082,"date":"2023-12-02T16:41:35","date_gmt":"2023-12-02T15:41:35","guid":{"rendered":"https:\/\/expro-testy.milleniumhost.pl\/produkt\/przegroda-do-polki-z-plexi-srodkowa-r-91241-bu\/"},"modified":"2023-12-02T16:41:35","modified_gmt":"2023-12-02T15:41:35","slug":"przegroda-do-polki-z-plexi-srodkowa-separator-120-r-91241","status":"publish","type":"product","link":"https:\/\/expro-testy.milleniumhost.pl\/en\/produkt\/przegroda-do-polki-z-plexi-srodkowa-separator-120-r-91241\/","title":{"rendered":"PRZEGRODA DO P\u00d3\u0141KI Z PLEXI &#8211; \u015aRODKOWA Separator 120 R-91241"},"content":{"rendered":"<p>w opracowaniu<\/p>\n","protected":false},"excerpt":{"rendered":"<p>w opracowaniu<\/p>\n","protected":false},"featured_media":3122,"template":"","meta":[],"product_cat":[138,140,131,1010,1012,1008,1014,1021,1019,1022,1020,130,134,135],"product_tag":[769],"class_list":{"0":"post-4082","1":"product","2":"type-product","3":"status-publish","4":"has-post-thumbnail","6":"product_cat-osprzet-do-regalow-ws-gondola","7":"product_cat-osprzet-do-regalow-ws-przysciennego","8":"product_cat-osprzet-do-regalow-es","9":"product_cat-przegrody-koszy-ograniczniki-osprzet-do-regalow-ws-przysciennego","10":"product_cat-przegrody-koszy-ograniczniki-osprzet-do-regalu-es-gondolowego","11":"product_cat-przegrody-koszy-ograniczniki","12":"product_cat-przegrody-koszy-ograniczniki-osprzet-do-regalow-es","13":"product_cat-przegrody-polek-przegrody-koszy-ograniczniki-osprzet-do-regalu-es-gondolowego","14":"product_cat-przegrody-polek-przegrody-koszy-ograniczniki","15":"product_cat-przegrody-polek-przegrody-koszy-ograniczniki-osprzet-do-regalow-es","16":"product_cat-przegrody-polek-przegrody-koszy-ograniczniki-osprzet-do-regalow-ws-przysciennego","17":"product_cat-regaly-es-przyscienne","18":"product_cat-regaly-ws-gondolowe","19":"product_cat-regaly-ws-przyscienne","20":"product_tag-domyslny","21":"pa_jednostka-szt","22":"pa_material-akryl","23":"pa_modul-416","24":"pa_objetosc-0-002-m3","25":"pa_rodzaj-mocowania-wpinane","27":"first","28":"instock","29":"purchasable","30":"product-type-simple"},"acf":[],"_links":{"self":[{"href":"https:\/\/expro-testy.milleniumhost.pl\/en\/wp-json\/wp\/v2\/product\/4082","targetHints":{"allow":["GET"]}}],"collection":[{"href":"https:\/\/expro-testy.milleniumhost.pl\/en\/wp-json\/wp\/v2\/product"}],"about":[{"href":"https:\/\/expro-testy.milleniumhost.pl\/en\/wp-json\/wp\/v2\/types\/product"}],"wp:featuredmedia":[{"embeddable":true,"href":"https:\/\/expro-testy.milleniumhost.pl\/en\/wp-json\/wp\/v2\/media\/3122"}],"wp:attachment":[{"href":"https:\/\/expro-testy.milleniumhost.pl\/en\/wp-json\/wp\/v2\/media?parent=4082"}],"wp:term":[{"taxonomy":"product_cat","embeddable":true,"href":"https:\/\/expro-testy.milleniumhost.pl\/en\/wp-json\/wp\/v2\/product_cat?post=4082"},{"taxonomy":"product_tag","embeddable":true,"href":"https:\/\/expro-testy.milleniumhost.pl\/en\/wp-json\/wp\/v2\/product_tag?post=4082"}],"curies":[{"name":"wp","href":"https:\/\/api.w.org\/{rel}","templated":true}]}}