

{"id":4118,"date":"2023-12-02T16:41:56","date_gmt":"2023-12-02T15:41:56","guid":{"rendered":"https:\/\/expro-testy.milleniumhost.pl\/produkt\/regal-przyscienny-132m-na-kosiarki-polka-skosna-polka-prosta-r-92599\/"},"modified":"2023-12-02T16:41:57","modified_gmt":"2023-12-02T15:41:57","slug":"regal-przyscienny-132m-na-kosiarki-polka-skosna-polka-prosta-r-92599","status":"publish","type":"product","link":"https:\/\/expro-testy.milleniumhost.pl\/en\/produkt\/regal-przyscienny-132m-na-kosiarki-polka-skosna-polka-prosta-r-92599\/","title":{"rendered":"REGA\u0141 PRZY\u015aCIENNY 1,32M NA KOSIARKI &#8211; P\u00d3\u0141KA SKO\u015aNA + P\u00d3\u0141KA PROSTA R-92599"},"content":{"rendered":"<p>w opracowaniu<\/p>\n","protected":false},"excerpt":{"rendered":"<p>w opracowaniu<\/p>\n","protected":false},"featured_media":4507,"template":"","meta":[],"product_cat":[137,177,145],"product_tag":[],"class_list":{"0":"post-4118","1":"product","2":"type-product","3":"status-publish","4":"has-post-thumbnail","6":"product_cat-regaly-specjalistyczne-ekspozytory-witryny-standy-kartonowe","7":"product_cat-regaly-tematyczne","8":"product_cat-regaly-specjalistyczne-ekspozytory-home-design","9":"pa_jednostka-szt","10":"pa_material-stal-plyta","11":"pa_modul-m132","12":"pa_objetosc-2-117-m3","13":"pa_rodzaj-mocowania-wolnostojacy","15":"first","16":"instock","17":"purchasable","18":"product-type-simple"},"acf":[],"_links":{"self":[{"href":"https:\/\/expro-testy.milleniumhost.pl\/en\/wp-json\/wp\/v2\/product\/4118","targetHints":{"allow":["GET"]}}],"collection":[{"href":"https:\/\/expro-testy.milleniumhost.pl\/en\/wp-json\/wp\/v2\/product"}],"about":[{"href":"https:\/\/expro-testy.milleniumhost.pl\/en\/wp-json\/wp\/v2\/types\/product"}],"wp:featuredmedia":[{"embeddable":true,"href":"https:\/\/expro-testy.milleniumhost.pl\/en\/wp-json\/wp\/v2\/media\/4507"}],"wp:attachment":[{"href":"https:\/\/expro-testy.milleniumhost.pl\/en\/wp-json\/wp\/v2\/media?parent=4118"}],"wp:term":[{"taxonomy":"product_cat","embeddable":true,"href":"https:\/\/expro-testy.milleniumhost.pl\/en\/wp-json\/wp\/v2\/product_cat?post=4118"},{"taxonomy":"product_tag","embeddable":true,"href":"https:\/\/expro-testy.milleniumhost.pl\/en\/wp-json\/wp\/v2\/product_tag?post=4118"}],"curies":[{"name":"wp","href":"https:\/\/api.w.org\/{rel}","templated":true}]}}