

{"id":4127,"date":"2023-12-02T16:42:03","date_gmt":"2023-12-02T15:42:03","guid":{"rendered":"https:\/\/expro-testy.milleniumhost.pl\/produkt\/regal-systemowy-narozny-zewnetrzny-260m-r-90169\/"},"modified":"2023-12-02T16:42:03","modified_gmt":"2023-12-02T15:42:03","slug":"regal-systemowy-narozny-zewnetrzny-260m-r-90169","status":"publish","type":"product","link":"https:\/\/expro-testy.milleniumhost.pl\/en\/produkt\/regal-systemowy-narozny-zewnetrzny-260m-r-90169\/","title":{"rendered":"REGA\u0141 SYSTEMOWY NARO\u017bNY ZEWN\u0118TRZNY 2,60M R-90169"},"content":{"rendered":"<p>w opracowaniu<\/p>\n","protected":false},"excerpt":{"rendered":"<p>w opracowaniu<\/p>\n","protected":false},"featured_media":4509,"template":"","meta":[],"product_cat":[150,130,793,862],"product_tag":[],"class_list":{"0":"post-4127","1":"product","2":"type-product","3":"status-publish","4":"has-post-thumbnail","6":"product_cat-elementy-konstrukcyjne-regalu-es-przysciennego","7":"product_cat-regaly-es-przyscienne","8":"product_cat-regaly-narozne","9":"product_cat-zewnetrzne","10":"pa_jednostka-szt","11":"pa_material-stal","12":"pa_modul-m1","13":"pa_objetosc-7-511-m3","14":"pa_rodzaj-mocowania-wolnostojacy","16":"first","17":"instock","18":"purchasable","19":"product-type-simple"},"acf":[],"_links":{"self":[{"href":"https:\/\/expro-testy.milleniumhost.pl\/en\/wp-json\/wp\/v2\/product\/4127","targetHints":{"allow":["GET"]}}],"collection":[{"href":"https:\/\/expro-testy.milleniumhost.pl\/en\/wp-json\/wp\/v2\/product"}],"about":[{"href":"https:\/\/expro-testy.milleniumhost.pl\/en\/wp-json\/wp\/v2\/types\/product"}],"wp:featuredmedia":[{"embeddable":true,"href":"https:\/\/expro-testy.milleniumhost.pl\/en\/wp-json\/wp\/v2\/media\/4509"}],"wp:attachment":[{"href":"https:\/\/expro-testy.milleniumhost.pl\/en\/wp-json\/wp\/v2\/media?parent=4127"}],"wp:term":[{"taxonomy":"product_cat","embeddable":true,"href":"https:\/\/expro-testy.milleniumhost.pl\/en\/wp-json\/wp\/v2\/product_cat?post=4127"},{"taxonomy":"product_tag","embeddable":true,"href":"https:\/\/expro-testy.milleniumhost.pl\/en\/wp-json\/wp\/v2\/product_tag?post=4127"}],"curies":[{"name":"wp","href":"https:\/\/api.w.org\/{rel}","templated":true}]}}