

{"id":4139,"date":"2023-12-02T16:42:11","date_gmt":"2023-12-02T15:42:11","guid":{"rendered":"https:\/\/expro-testy.milleniumhost.pl\/produkt\/skrzydlo-drzwi-przesuwnych-z-plyty-bialej-700x1330x12mm-do-reg-ws-l-1300-r-92593\/"},"modified":"2023-12-02T16:42:12","modified_gmt":"2023-12-02T15:42:12","slug":"skrzydlo-drzwi-przesuwnych-z-plyty-bialej-700x1330x12mm-do-reg-ws-l-1300-r-92593","status":"publish","type":"product","link":"https:\/\/expro-testy.milleniumhost.pl\/en\/produkt\/skrzydlo-drzwi-przesuwnych-z-plyty-bialej-700x1330x12mm-do-reg-ws-l-1300-r-92593\/","title":{"rendered":"SKRZYD\u0141O DRZWI PRZESUWNYCH Z P\u0141YTY BIA\u0141EJ 700X1330X12MM DO REG.WS L-1300 R-92593"},"content":{"rendered":"<p>w opracowaniu<\/p>\n","protected":false},"excerpt":{"rendered":"<p>w opracowaniu<\/p>\n","protected":false},"featured_media":4510,"template":"","meta":[],"product_cat":[325,234,139,141,134,135,301,326],"product_tag":[769],"class_list":{"0":"post-4139","1":"product","2":"type-product","3":"status-publish","4":"has-post-thumbnail","6":"product_cat-drzwi_pws","7":"product_cat-drzwi-elementy-konstrukcyjne-regalu-ws-gondolowego","8":"product_cat-elementy-konstrukcyjne-regalu-ws-gondolowego","9":"product_cat-elementy-konstrukcyjne-regalu-ws-przysciennego","10":"product_cat-regaly-ws-gondolowe","11":"product_cat-regaly-ws-przyscienne","12":"product_cat-suwne","13":"product_cat-suwne_pws","14":"product_tag-domyslny","15":"pa_jednostka-szt","16":"pa_material-plyta-meblowa","17":"pa_modul-m132","18":"pa_objetosc-0-011-m3","19":"pa_rodzaj-mocowania-wpinane-w-tor-jezdny","21":"first","22":"instock","23":"purchasable","24":"product-type-simple"},"acf":[],"_links":{"self":[{"href":"https:\/\/expro-testy.milleniumhost.pl\/en\/wp-json\/wp\/v2\/product\/4139","targetHints":{"allow":["GET"]}}],"collection":[{"href":"https:\/\/expro-testy.milleniumhost.pl\/en\/wp-json\/wp\/v2\/product"}],"about":[{"href":"https:\/\/expro-testy.milleniumhost.pl\/en\/wp-json\/wp\/v2\/types\/product"}],"wp:featuredmedia":[{"embeddable":true,"href":"https:\/\/expro-testy.milleniumhost.pl\/en\/wp-json\/wp\/v2\/media\/4510"}],"wp:attachment":[{"href":"https:\/\/expro-testy.milleniumhost.pl\/en\/wp-json\/wp\/v2\/media?parent=4139"}],"wp:term":[{"taxonomy":"product_cat","embeddable":true,"href":"https:\/\/expro-testy.milleniumhost.pl\/en\/wp-json\/wp\/v2\/product_cat?post=4139"},{"taxonomy":"product_tag","embeddable":true,"href":"https:\/\/expro-testy.milleniumhost.pl\/en\/wp-json\/wp\/v2\/product_tag?post=4139"}],"curies":[{"name":"wp","href":"https:\/\/api.w.org\/{rel}","templated":true}]}}