

{"id":4140,"date":"2023-12-02T16:42:11","date_gmt":"2023-12-02T15:42:11","guid":{"rendered":"https:\/\/expro-testy.milleniumhost.pl\/produkt\/skrzydlo-drzwi-wahadlowych-z-plyty-bialej-1205x1330x12mm-do-reg-ws-l-1250-r-92290\/"},"modified":"2023-12-02T16:42:12","modified_gmt":"2023-12-02T15:42:12","slug":"skrzydlo-drzwi-wahadlowych-z-plyty-bialej-1205x1330x12mm-do-reg-ws-l-1250-r-92290","status":"publish","type":"product","link":"https:\/\/expro-testy.milleniumhost.pl\/en\/produkt\/skrzydlo-drzwi-wahadlowych-z-plyty-bialej-1205x1330x12mm-do-reg-ws-l-1250-r-92290\/","title":{"rendered":"SKRZYD\u0141O DRZWI WAHAD\u0141OWYCH Z P\u0141YTY BIA\u0141EJ 1205X1330X12MM DO REG.WS L-1250 R-92290"},"content":{"rendered":"<p>w opracowaniu<\/p>\n","protected":false},"excerpt":{"rendered":"<p>w opracowaniu<\/p>\n","protected":false},"featured_media":4511,"template":"","meta":[],"product_cat":[325,234,139,141,134,135,327,302],"product_tag":[769],"class_list":{"0":"post-4140","1":"product","2":"type-product","3":"status-publish","4":"has-post-thumbnail","6":"product_cat-drzwi_pws","7":"product_cat-drzwi-elementy-konstrukcyjne-regalu-ws-gondolowego","8":"product_cat-elementy-konstrukcyjne-regalu-ws-gondolowego","9":"product_cat-elementy-konstrukcyjne-regalu-ws-przysciennego","10":"product_cat-regaly-ws-gondolowe","11":"product_cat-regaly-ws-przyscienne","12":"product_cat-wahadlowe_pws","13":"product_cat-wahadlowe","14":"product_tag-domyslny","15":"pa_jednostka-szt","16":"pa_material-plyta-meblowa","17":"pa_modul-m125","18":"pa_objetosc-0-019-m3","19":"pa_rodzaj-mocowania-przykrecane-do-nogi-ws","21":"first","22":"instock","23":"purchasable","24":"product-type-simple"},"acf":[],"_links":{"self":[{"href":"https:\/\/expro-testy.milleniumhost.pl\/en\/wp-json\/wp\/v2\/product\/4140","targetHints":{"allow":["GET"]}}],"collection":[{"href":"https:\/\/expro-testy.milleniumhost.pl\/en\/wp-json\/wp\/v2\/product"}],"about":[{"href":"https:\/\/expro-testy.milleniumhost.pl\/en\/wp-json\/wp\/v2\/types\/product"}],"wp:featuredmedia":[{"embeddable":true,"href":"https:\/\/expro-testy.milleniumhost.pl\/en\/wp-json\/wp\/v2\/media\/4511"}],"wp:attachment":[{"href":"https:\/\/expro-testy.milleniumhost.pl\/en\/wp-json\/wp\/v2\/media?parent=4140"}],"wp:term":[{"taxonomy":"product_cat","embeddable":true,"href":"https:\/\/expro-testy.milleniumhost.pl\/en\/wp-json\/wp\/v2\/product_cat?post=4140"},{"taxonomy":"product_tag","embeddable":true,"href":"https:\/\/expro-testy.milleniumhost.pl\/en\/wp-json\/wp\/v2\/product_tag?post=4140"}],"curies":[{"name":"wp","href":"https:\/\/api.w.org\/{rel}","templated":true}]}}