

{"id":4151,"date":"2023-12-02T16:42:18","date_gmt":"2023-12-02T15:42:18","guid":{"rendered":"https:\/\/expro-testy.milleniumhost.pl\/produkt\/skrzynka-ekspozycyjna-mala-na-wiertla-hss-przedluzane-perfect-r-90015\/"},"modified":"2023-12-02T16:42:19","modified_gmt":"2023-12-02T15:42:19","slug":"skrzynka-ekspozycyjna-mala-na-wiertla-hss-przedluzane-r-90015","status":"publish","type":"product","link":"https:\/\/expro-testy.milleniumhost.pl\/en\/produkt\/skrzynka-ekspozycyjna-mala-na-wiertla-hss-przedluzane-r-90015\/","title":{"rendered":"SKRZYNKA EKSPOZYCYJNA &#8211; MA\u0141A NA WIERT\u0141A HSS PRZED\u0141U\u017bANE R-90015"},"content":{"rendered":"<p>w opracowaniu<\/p>\n","protected":false},"excerpt":{"rendered":"<p>w opracowaniu<\/p>\n","protected":false},"featured_media":3220,"template":"","meta":[],"product_cat":[254,214,221,138,140,131,130,134,135,280,307,274],"product_tag":[],"class_list":{"0":"post-4151","1":"product","2":"type-product","3":"status-publish","4":"has-post-thumbnail","6":"product_cat-kosze-skrzynki-ekspozycyjne-stojaki-ekspozycyjne-gablotki-kuwety-osprzet-do-regalow-es","7":"product_cat-kuwety-skrzynki-ekspozycyjne-stojaki-ekspozycyjne-gablotki","8":"product_cat-kuwety-skrzynki-ekspozycyjne-stojaki-ekspozycyjne-gablotki-osprzet-do-regalow-ws-gondola","9":"product_cat-osprzet-do-regalow-ws-gondola","10":"product_cat-osprzet-do-regalow-ws-przysciennego","11":"product_cat-osprzet-do-regalow-es","12":"product_cat-regaly-es-przyscienne","13":"product_cat-regaly-ws-gondolowe","14":"product_cat-regaly-ws-przyscienne","15":"product_cat-skrzynki-ekspozycyjne-osprzet-do-regalu-ws-przysciennego","16":"product_cat-skrzynki_ekspozycyjne_gws","17":"product_cat-skrzynki-ekspozycyjne-osprzet-do-regalow-es-przysciennego","18":"pa_jednostka-szt","19":"pa_material-stal","20":"pa_modul-416","21":"pa_objetosc-0-051-m3","22":"pa_rodzaj-mocowania-wolnostojacy","24":"first","25":"instock","26":"purchasable","27":"product-type-simple"},"acf":[],"_links":{"self":[{"href":"https:\/\/expro-testy.milleniumhost.pl\/en\/wp-json\/wp\/v2\/product\/4151","targetHints":{"allow":["GET"]}}],"collection":[{"href":"https:\/\/expro-testy.milleniumhost.pl\/en\/wp-json\/wp\/v2\/product"}],"about":[{"href":"https:\/\/expro-testy.milleniumhost.pl\/en\/wp-json\/wp\/v2\/types\/product"}],"wp:featuredmedia":[{"embeddable":true,"href":"https:\/\/expro-testy.milleniumhost.pl\/en\/wp-json\/wp\/v2\/media\/3220"}],"wp:attachment":[{"href":"https:\/\/expro-testy.milleniumhost.pl\/en\/wp-json\/wp\/v2\/media?parent=4151"}],"wp:term":[{"taxonomy":"product_cat","embeddable":true,"href":"https:\/\/expro-testy.milleniumhost.pl\/en\/wp-json\/wp\/v2\/product_cat?post=4151"},{"taxonomy":"product_tag","embeddable":true,"href":"https:\/\/expro-testy.milleniumhost.pl\/en\/wp-json\/wp\/v2\/product_tag?post=4151"}],"curies":[{"name":"wp","href":"https:\/\/api.w.org\/{rel}","templated":true}]}}