

{"id":4213,"date":"2023-12-02T16:43:05","date_gmt":"2023-12-02T15:43:05","guid":{"rendered":"https:\/\/expro-testy.milleniumhost.pl\/produkt\/stojak-ekspozycyjny-na-wiertla-sds-max-uzupelniajacy-perfect-r-90107\/"},"modified":"2023-12-02T16:43:06","modified_gmt":"2023-12-02T15:43:06","slug":"stojak-ekspozycyjny-na-wiertla-sds-max-uzupelniajacy-r-90107","status":"publish","type":"product","link":"https:\/\/expro-testy.milleniumhost.pl\/en\/produkt\/stojak-ekspozycyjny-na-wiertla-sds-max-uzupelniajacy-r-90107\/","title":{"rendered":"STOJAK EKSPOZYCYJNY &#8211; NA WIERT\u0141A SDS-MAX UZUPE\u0141NIAJ\u0104CY R-90107"},"content":{"rendered":"<p>w opracowaniu<\/p>\n","protected":false},"excerpt":{"rendered":"<p>w opracowaniu<\/p>\n","protected":false},"featured_media":3310,"template":"","meta":[],"product_cat":[254,214,221,138,140,131,130,134,135,281,308,275],"product_tag":[],"class_list":{"0":"post-4213","1":"product","2":"type-product","3":"status-publish","4":"has-post-thumbnail","6":"product_cat-kosze-skrzynki-ekspozycyjne-stojaki-ekspozycyjne-gablotki-kuwety-osprzet-do-regalow-es","7":"product_cat-kuwety-skrzynki-ekspozycyjne-stojaki-ekspozycyjne-gablotki","8":"product_cat-kuwety-skrzynki-ekspozycyjne-stojaki-ekspozycyjne-gablotki-osprzet-do-regalow-ws-gondola","9":"product_cat-osprzet-do-regalow-ws-gondola","10":"product_cat-osprzet-do-regalow-ws-przysciennego","11":"product_cat-osprzet-do-regalow-es","12":"product_cat-regaly-es-przyscienne","13":"product_cat-regaly-ws-gondolowe","14":"product_cat-regaly-ws-przyscienne","15":"product_cat-stojaki-ekspozycyjne-osprzet-do-regalu-ws-przysciennego","16":"product_cat-stojaki_ekspozycyjne_gws","17":"product_cat-stojaki-ekspozycyjne-osprzet-do-regalow-es-przysciennego","18":"pa_jednostka-szt","19":"pa_material-stal","20":"pa_modul-416","21":"pa_objetosc-0-086-m3","22":"pa_rodzaj-mocowania-perforacja","24":"first","25":"instock","26":"purchasable","27":"product-type-simple"},"acf":[],"_links":{"self":[{"href":"https:\/\/expro-testy.milleniumhost.pl\/en\/wp-json\/wp\/v2\/product\/4213","targetHints":{"allow":["GET"]}}],"collection":[{"href":"https:\/\/expro-testy.milleniumhost.pl\/en\/wp-json\/wp\/v2\/product"}],"about":[{"href":"https:\/\/expro-testy.milleniumhost.pl\/en\/wp-json\/wp\/v2\/types\/product"}],"wp:featuredmedia":[{"embeddable":true,"href":"https:\/\/expro-testy.milleniumhost.pl\/en\/wp-json\/wp\/v2\/media\/3310"}],"wp:attachment":[{"href":"https:\/\/expro-testy.milleniumhost.pl\/en\/wp-json\/wp\/v2\/media?parent=4213"}],"wp:term":[{"taxonomy":"product_cat","embeddable":true,"href":"https:\/\/expro-testy.milleniumhost.pl\/en\/wp-json\/wp\/v2\/product_cat?post=4213"},{"taxonomy":"product_tag","embeddable":true,"href":"https:\/\/expro-testy.milleniumhost.pl\/en\/wp-json\/wp\/v2\/product_tag?post=4213"}],"curies":[{"name":"wp","href":"https:\/\/api.w.org\/{rel}","templated":true}]}}