

{"id":4270,"date":"2023-12-02T16:43:42","date_gmt":"2023-12-02T15:43:42","guid":{"rendered":"https:\/\/expro-testy.milleniumhost.pl\/produkt\/trawers-80-40-2-z-blokada-125m-do-regalu-wysokiego-skladowania-r-92298\/"},"modified":"2023-12-02T16:43:44","modified_gmt":"2023-12-02T15:43:44","slug":"trawers-80-40-2-z-blokada-125m-do-regalu-wysokiego-skladowania-r-92298","status":"publish","type":"product","link":"https:\/\/expro-testy.milleniumhost.pl\/en\/produkt\/trawers-80-40-2-z-blokada-125m-do-regalu-wysokiego-skladowania-r-92298\/","title":{"rendered":"TRAWERS 80\/40\/2 Z BLOKAD\u0104 &#8211; 1,25M DO REGA\u0141U WYSOKIEGO SK\u0141ADOWANIA R-92298"},"content":{"rendered":"<p>w opracowaniu<\/p>\n","protected":false},"excerpt":{"rendered":"<p>w opracowaniu<\/p>\n","protected":false},"featured_media":4521,"template":"","meta":[],"product_cat":[139,141,134,135,196,229],"product_tag":[],"class_list":{"0":"post-4270","1":"product","2":"type-product","3":"status-publish","4":"has-post-thumbnail","6":"product_cat-elementy-konstrukcyjne-regalu-ws-gondolowego","7":"product_cat-elementy-konstrukcyjne-regalu-ws-przysciennego","8":"product_cat-regaly-ws-gondolowe","9":"product_cat-regaly-ws-przyscienne","10":"product_cat-trawersy","11":"product_cat-trawersy-elementy-konstrukcyjne-regalu-ws-gondolowego","12":"pa_jednostka-szt","13":"pa_material-stal","14":"pa_modul-m125","15":"pa_objetosc-0-013-m3","16":"pa_rodzaj-mocowania-wpinane-w-noge-regalu-ws","18":"first","19":"instock","20":"purchasable","21":"product-type-simple"},"acf":[],"_links":{"self":[{"href":"https:\/\/expro-testy.milleniumhost.pl\/en\/wp-json\/wp\/v2\/product\/4270","targetHints":{"allow":["GET"]}}],"collection":[{"href":"https:\/\/expro-testy.milleniumhost.pl\/en\/wp-json\/wp\/v2\/product"}],"about":[{"href":"https:\/\/expro-testy.milleniumhost.pl\/en\/wp-json\/wp\/v2\/types\/product"}],"wp:featuredmedia":[{"embeddable":true,"href":"https:\/\/expro-testy.milleniumhost.pl\/en\/wp-json\/wp\/v2\/media\/4521"}],"wp:attachment":[{"href":"https:\/\/expro-testy.milleniumhost.pl\/en\/wp-json\/wp\/v2\/media?parent=4270"}],"wp:term":[{"taxonomy":"product_cat","embeddable":true,"href":"https:\/\/expro-testy.milleniumhost.pl\/en\/wp-json\/wp\/v2\/product_cat?post=4270"},{"taxonomy":"product_tag","embeddable":true,"href":"https:\/\/expro-testy.milleniumhost.pl\/en\/wp-json\/wp\/v2\/product_tag?post=4270"}],"curies":[{"name":"wp","href":"https:\/\/api.w.org\/{rel}","templated":true}]}}