

{"id":4296,"date":"2023-12-02T16:44:06","date_gmt":"2023-12-02T15:44:06","guid":{"rendered":"https:\/\/expro-testy.milleniumhost.pl\/produkt\/uchwyt-na-drazki-150x130x130-zapinany-na-noge-regalu-ws-r-92574\/"},"modified":"2023-12-02T16:44:07","modified_gmt":"2023-12-02T15:44:07","slug":"uchwyt-na-drazki-150x130x130-zapinany-na-noge-regalu-ws-r-92574","status":"publish","type":"product","link":"https:\/\/expro-testy.milleniumhost.pl\/en\/produkt\/uchwyt-na-drazki-150x130x130-zapinany-na-noge-regalu-ws-r-92574\/","title":{"rendered":"UCHWYT NA DR\u0104\u017bKI 150X130X130 ZAPINANY NA NOG\u0118 REGA\u0141U WS R-92574"},"content":{"rendered":"<p>w opracowaniu<\/p>\n","protected":false},"excerpt":{"rendered":"<p>w opracowaniu<\/p>\n","protected":false},"featured_media":3419,"template":"","meta":[],"product_cat":[138,140,134,135,889,888,219,212],"product_tag":[],"class_list":{"0":"post-4296","1":"product","2":"type-product","3":"status-publish","4":"has-post-thumbnail","6":"product_cat-osprzet-do-regalow-ws-gondola","7":"product_cat-osprzet-do-regalow-ws-przysciennego","8":"product_cat-regaly-ws-gondolowe","9":"product_cat-regaly-ws-przyscienne","10":"product_cat-uchwyty-uchwyty_zawieszki_pws","11":"product_cat-uchwyty-uchwyty-zawieszki-osprzet-do-regalow-ws-gondola","12":"product_cat-uchwyty-zawieszki-osprzet-do-regalow-ws-gondola","13":"product_cat-uchwyty_zawieszki_pws","14":"pa_jednostka-szt","15":"pa_material-stal","16":"pa_modul-416","17":"pa_objetosc-0-005-m3","18":"pa_rodzaj-mocowania-wpinane-w-noge-regalu-ws","20":"first","21":"instock","22":"purchasable","23":"product-type-simple"},"acf":[],"_links":{"self":[{"href":"https:\/\/expro-testy.milleniumhost.pl\/en\/wp-json\/wp\/v2\/product\/4296","targetHints":{"allow":["GET"]}}],"collection":[{"href":"https:\/\/expro-testy.milleniumhost.pl\/en\/wp-json\/wp\/v2\/product"}],"about":[{"href":"https:\/\/expro-testy.milleniumhost.pl\/en\/wp-json\/wp\/v2\/types\/product"}],"wp:featuredmedia":[{"embeddable":true,"href":"https:\/\/expro-testy.milleniumhost.pl\/en\/wp-json\/wp\/v2\/media\/3419"}],"wp:attachment":[{"href":"https:\/\/expro-testy.milleniumhost.pl\/en\/wp-json\/wp\/v2\/media?parent=4296"}],"wp:term":[{"taxonomy":"product_cat","embeddable":true,"href":"https:\/\/expro-testy.milleniumhost.pl\/en\/wp-json\/wp\/v2\/product_cat?post=4296"},{"taxonomy":"product_tag","embeddable":true,"href":"https:\/\/expro-testy.milleniumhost.pl\/en\/wp-json\/wp\/v2\/product_tag?post=4296"}],"curies":[{"name":"wp","href":"https:\/\/api.w.org\/{rel}","templated":true}]}}