

{"id":4320,"date":"2023-12-02T16:44:22","date_gmt":"2023-12-02T15:44:22","guid":{"rendered":"https:\/\/expro-testy.milleniumhost.pl\/produkt\/wspornik-giety-pod-polki-300mm-r-91782\/"},"modified":"2023-12-02T16:44:24","modified_gmt":"2023-12-02T15:44:24","slug":"wspornik-giety-pod-polki-300mm-r-91782","status":"publish","type":"product","link":"https:\/\/expro-testy.milleniumhost.pl\/en\/produkt\/wspornik-giety-pod-polki-300mm-r-91782\/","title":{"rendered":"WSPORNIK GI\u0118TY POD P\u00d3\u0141KI 300mm R-91782"},"content":{"rendered":"<p>w opracowaniu<\/p>\n","protected":false},"excerpt":{"rendered":"<p>w opracowaniu<\/p>\n","protected":false},"featured_media":4524,"template":"","meta":[],"product_cat":[138,140,131,251,224,243,217,130,134,135,865,866,864,867],"product_tag":[],"class_list":{"0":"post-4320","1":"product","2":"type-product","3":"status-publish","4":"has-post-thumbnail","6":"product_cat-osprzet-do-regalow-ws-gondola","7":"product_cat-osprzet-do-regalow-ws-przysciennego","8":"product_cat-osprzet-do-regalow-es","9":"product_cat-polki-oswietlenie-osprzet-do-regalow-es","10":"product_cat-polki-oswietlenie-osprzet-do-regalow-ws-gondola","11":"product_cat-polki-oswietlenie-osprzet-do-regalow-es-gondolowego","12":"product_cat-polki_oswietlenie_pws","13":"product_cat-regaly-es-przyscienne","14":"product_cat-regaly-ws-gondolowe","15":"product_cat-regaly-ws-przyscienne","16":"product_cat-wsporniki-polki_oswietlenie_pws","17":"product_cat-wsporniki-polki-oswietlenie-osprzet-do-regalow-es-gondolowego","18":"product_cat-wsporniki-polki-oswietlenie-osprzet-do-regalow-ws-gondola","19":"product_cat-wsporniki-polki-oswietlenie-osprzet-do-regalow-es","20":"pa_jednostka-szt","21":"pa_material-stal","22":"pa_modul-416","23":"pa_objetosc-0-000-m3","24":"pa_rodzaj-mocowania-perf-nogi","26":"first","27":"instock","28":"purchasable","29":"product-type-simple"},"acf":[],"_links":{"self":[{"href":"https:\/\/expro-testy.milleniumhost.pl\/en\/wp-json\/wp\/v2\/product\/4320","targetHints":{"allow":["GET"]}}],"collection":[{"href":"https:\/\/expro-testy.milleniumhost.pl\/en\/wp-json\/wp\/v2\/product"}],"about":[{"href":"https:\/\/expro-testy.milleniumhost.pl\/en\/wp-json\/wp\/v2\/types\/product"}],"wp:featuredmedia":[{"embeddable":true,"href":"https:\/\/expro-testy.milleniumhost.pl\/en\/wp-json\/wp\/v2\/media\/4524"}],"wp:attachment":[{"href":"https:\/\/expro-testy.milleniumhost.pl\/en\/wp-json\/wp\/v2\/media?parent=4320"}],"wp:term":[{"taxonomy":"product_cat","embeddable":true,"href":"https:\/\/expro-testy.milleniumhost.pl\/en\/wp-json\/wp\/v2\/product_cat?post=4320"},{"taxonomy":"product_tag","embeddable":true,"href":"https:\/\/expro-testy.milleniumhost.pl\/en\/wp-json\/wp\/v2\/product_tag?post=4320"}],"curies":[{"name":"wp","href":"https:\/\/api.w.org\/{rel}","templated":true}]}}