

{"id":4322,"date":"2023-12-02T16:44:28","date_gmt":"2023-12-02T15:44:28","guid":{"rendered":"https:\/\/expro-testy.milleniumhost.pl\/produkt\/wspornik-giety-pod-polki-400mm-r-91784\/"},"modified":"2023-12-02T16:44:29","modified_gmt":"2023-12-02T15:44:29","slug":"wspornik-giety-pod-polki-400mm-r-91784","status":"publish","type":"product","link":"https:\/\/expro-testy.milleniumhost.pl\/en\/produkt\/wspornik-giety-pod-polki-400mm-r-91784\/","title":{"rendered":"WSPORNIK GI\u0118TY POD P\u00d3\u0141KI 400mm R-91784"},"content":{"rendered":"<p>w opracowaniu<\/p>\n","protected":false},"excerpt":{"rendered":"<p>w opracowaniu<\/p>\n","protected":false},"featured_media":4524,"template":"","meta":[],"product_cat":[138,140,131,224,243,217,251,130,134,135,866,864,867,865],"product_tag":[],"class_list":{"0":"post-4322","1":"product","2":"type-product","3":"status-publish","4":"has-post-thumbnail","6":"product_cat-osprzet-do-regalow-ws-gondola","7":"product_cat-osprzet-do-regalow-ws-przysciennego","8":"product_cat-osprzet-do-regalow-es","9":"product_cat-polki-oswietlenie-osprzet-do-regalow-ws-gondola","10":"product_cat-polki-oswietlenie-osprzet-do-regalow-es-gondolowego","11":"product_cat-polki_oswietlenie_pws","12":"product_cat-polki-oswietlenie-osprzet-do-regalow-es","13":"product_cat-regaly-es-przyscienne","14":"product_cat-regaly-ws-gondolowe","15":"product_cat-regaly-ws-przyscienne","16":"product_cat-wsporniki-polki-oswietlenie-osprzet-do-regalow-es-gondolowego","17":"product_cat-wsporniki-polki-oswietlenie-osprzet-do-regalow-ws-gondola","18":"product_cat-wsporniki-polki-oswietlenie-osprzet-do-regalow-es","19":"product_cat-wsporniki-polki_oswietlenie_pws","20":"pa_jednostka-szt","21":"pa_material-stal","22":"pa_modul-416","23":"pa_objetosc-0-001-m3","24":"pa_rodzaj-mocowania-perf-nogi","26":"first","27":"instock","28":"purchasable","29":"product-type-simple"},"acf":[],"_links":{"self":[{"href":"https:\/\/expro-testy.milleniumhost.pl\/en\/wp-json\/wp\/v2\/product\/4322","targetHints":{"allow":["GET"]}}],"collection":[{"href":"https:\/\/expro-testy.milleniumhost.pl\/en\/wp-json\/wp\/v2\/product"}],"about":[{"href":"https:\/\/expro-testy.milleniumhost.pl\/en\/wp-json\/wp\/v2\/types\/product"}],"wp:featuredmedia":[{"embeddable":true,"href":"https:\/\/expro-testy.milleniumhost.pl\/en\/wp-json\/wp\/v2\/media\/4524"}],"wp:attachment":[{"href":"https:\/\/expro-testy.milleniumhost.pl\/en\/wp-json\/wp\/v2\/media?parent=4322"}],"wp:term":[{"taxonomy":"product_cat","embeddable":true,"href":"https:\/\/expro-testy.milleniumhost.pl\/en\/wp-json\/wp\/v2\/product_cat?post=4322"},{"taxonomy":"product_tag","embeddable":true,"href":"https:\/\/expro-testy.milleniumhost.pl\/en\/wp-json\/wp\/v2\/product_tag?post=4322"}],"curies":[{"name":"wp","href":"https:\/\/api.w.org\/{rel}","templated":true}]}}