

{"id":4592,"date":"2023-12-02T16:37:33","date_gmt":"2023-12-02T15:37:33","guid":{"rendered":"https:\/\/expro-testy.milleniumhost.pl\/produkt\/grafika-na-buty-do-gondoli-gorna-polka-r-91684-bu\/"},"modified":"2023-12-02T16:37:34","modified_gmt":"2023-12-02T15:37:34","slug":"grafika-na-buty-do-gondoli-gorna-polka-r-91684","status":"publish","type":"product","link":"https:\/\/expro-testy.milleniumhost.pl\/en\/produkt\/grafika-na-buty-do-gondoli-gorna-polka-r-91684\/","title":{"rendered":"GRAFIKA NA BUTY DO GONDOLI G\u00d3RNA P\u00d3\u0141KA R-91684"},"content":{"rendered":"<p>w opracowaniu<\/p>\n","protected":false},"excerpt":{"rendered":"<p>w opracowaniu<\/p>\n","protected":false},"featured_media":4593,"template":"","meta":[],"product_cat":[142,1002,136],"product_tag":[769],"class_list":{"0":"post-4592","1":"product","2":"type-product","3":"status-publish","4":"has-post-thumbnail","6":"product_cat-ekspozytory-gondole-bhp-przymierzalnie","7":"product_cat-grafiki","8":"product_cat-strefa-bhp","9":"product_tag-domyslny","10":"pa_jednostka-szt","11":"pa_material-tworzywo-sztuczne","12":"pa_modul-416","13":"pa_objetosc-0-001-m3","14":"pa_rodzaj-mocowania-wpinana","16":"first","17":"instock","18":"purchasable","19":"product-type-simple"},"acf":[],"_links":{"self":[{"href":"https:\/\/expro-testy.milleniumhost.pl\/en\/wp-json\/wp\/v2\/product\/4592","targetHints":{"allow":["GET"]}}],"collection":[{"href":"https:\/\/expro-testy.milleniumhost.pl\/en\/wp-json\/wp\/v2\/product"}],"about":[{"href":"https:\/\/expro-testy.milleniumhost.pl\/en\/wp-json\/wp\/v2\/types\/product"}],"wp:featuredmedia":[{"embeddable":true,"href":"https:\/\/expro-testy.milleniumhost.pl\/en\/wp-json\/wp\/v2\/media\/4593"}],"wp:attachment":[{"href":"https:\/\/expro-testy.milleniumhost.pl\/en\/wp-json\/wp\/v2\/media?parent=4592"}],"wp:term":[{"taxonomy":"product_cat","embeddable":true,"href":"https:\/\/expro-testy.milleniumhost.pl\/en\/wp-json\/wp\/v2\/product_cat?post=4592"},{"taxonomy":"product_tag","embeddable":true,"href":"https:\/\/expro-testy.milleniumhost.pl\/en\/wp-json\/wp\/v2\/product_tag?post=4592"}],"curies":[{"name":"wp","href":"https:\/\/api.w.org\/{rel}","templated":true}]}}