

{"id":4681,"date":"2023-12-02T16:37:16","date_gmt":"2023-12-02T15:37:16","guid":{"rendered":"https:\/\/expro-testy.milleniumhost.pl\/produkt\/front-lady-naroznej-zewnetrznej-750mm-plyta-r-92488\/"},"modified":"2023-12-02T16:37:17","modified_gmt":"2023-12-02T15:37:17","slug":"front-lady-naroznej-zewnetrznej-750mm-plyta-r-92488","status":"publish","type":"product","link":"https:\/\/expro-testy.milleniumhost.pl\/en\/produkt\/front-lady-naroznej-zewnetrznej-750mm-plyta-r-92488\/","title":{"rendered":"FRONT LADY NARO\u017bNEJ ZEWN\u0118TRZNEJ 750MM P\u0141YTA R-92488"},"content":{"rendered":"<p>w opracowaniu<\/p>\n","protected":false},"excerpt":{"rendered":"<p>w opracowaniu<\/p>\n","protected":false},"featured_media":4567,"template":"","meta":[],"product_cat":[202,128,127],"product_tag":[968],"class_list":{"0":"post-4681","1":"product","2":"type-product","3":"status-publish","4":"has-post-thumbnail","6":"product_cat-fronty-garfiki","7":"product_cat-lady-obslugowe-biurka","8":"product_cat-meble-z-plyt-i-akcesoria","9":"product_tag-dekor","10":"pa_jednostka-szt","11":"pa_material-plyta-meblowa","12":"pa_modul-416","13":"pa_objetosc-0-015-m3","14":"pa_rodzaj-mocowania-przykrecana","16":"first","17":"instock","18":"purchasable","19":"product-type-simple"},"acf":[],"_links":{"self":[{"href":"https:\/\/expro-testy.milleniumhost.pl\/en\/wp-json\/wp\/v2\/product\/4681","targetHints":{"allow":["GET"]}}],"collection":[{"href":"https:\/\/expro-testy.milleniumhost.pl\/en\/wp-json\/wp\/v2\/product"}],"about":[{"href":"https:\/\/expro-testy.milleniumhost.pl\/en\/wp-json\/wp\/v2\/types\/product"}],"wp:featuredmedia":[{"embeddable":true,"href":"https:\/\/expro-testy.milleniumhost.pl\/en\/wp-json\/wp\/v2\/media\/4567"}],"wp:attachment":[{"href":"https:\/\/expro-testy.milleniumhost.pl\/en\/wp-json\/wp\/v2\/media?parent=4681"}],"wp:term":[{"taxonomy":"product_cat","embeddable":true,"href":"https:\/\/expro-testy.milleniumhost.pl\/en\/wp-json\/wp\/v2\/product_cat?post=4681"},{"taxonomy":"product_tag","embeddable":true,"href":"https:\/\/expro-testy.milleniumhost.pl\/en\/wp-json\/wp\/v2\/product_tag?post=4681"}],"curies":[{"name":"wp","href":"https:\/\/api.w.org\/{rel}","templated":true}]}}