

{"id":4695,"date":"2023-12-02T16:38:35","date_gmt":"2023-12-02T15:38:35","guid":{"rendered":"https:\/\/expro-testy.milleniumhost.pl\/produkt\/lustro-na-sale-sprzedazowa-760x2800mm-w-ramie-metalowej-r-92442\/"},"modified":"2023-12-02T16:38:38","modified_gmt":"2023-12-02T15:38:38","slug":"lustro-na-sale-sprzedazowa-760x2800mm-w-ramie-metalowej-r-92442","status":"publish","type":"product","link":"https:\/\/expro-testy.milleniumhost.pl\/en\/produkt\/lustro-na-sale-sprzedazowa-760x2800mm-w-ramie-metalowej-r-92442\/","title":{"rendered":"LUSTRO NA SAL\u0118 SPRZEDA\u017bOW\u0104 760X2800MM W RAMIE METALOWEJ R-92442"},"content":{"rendered":"<p>w opracowaniu<\/p>\n","protected":false},"excerpt":{"rendered":"<p>w opracowaniu<\/p>\n","protected":false},"featured_media":4605,"template":"","meta":[],"product_cat":[410,108],"product_tag":[],"class_list":{"0":"post-4695","1":"product","2":"type-product","3":"status-publish","4":"has-post-thumbnail","6":"product_cat-produkty-uzupelniajace","7":"product_cat-wyposazenie-sklepow","8":"pa_jednostka-szt","9":"pa_material-lustro-stal","10":"pa_modul-_","11":"pa_objetosc-0-053-m3","12":"pa_rodzaj-mocowania-klejone-kolkowane","14":"first","15":"instock","16":"purchasable","17":"product-type-simple"},"acf":[],"_links":{"self":[{"href":"https:\/\/expro-testy.milleniumhost.pl\/en\/wp-json\/wp\/v2\/product\/4695","targetHints":{"allow":["GET"]}}],"collection":[{"href":"https:\/\/expro-testy.milleniumhost.pl\/en\/wp-json\/wp\/v2\/product"}],"about":[{"href":"https:\/\/expro-testy.milleniumhost.pl\/en\/wp-json\/wp\/v2\/types\/product"}],"wp:featuredmedia":[{"embeddable":true,"href":"https:\/\/expro-testy.milleniumhost.pl\/en\/wp-json\/wp\/v2\/media\/4605"}],"wp:attachment":[{"href":"https:\/\/expro-testy.milleniumhost.pl\/en\/wp-json\/wp\/v2\/media?parent=4695"}],"wp:term":[{"taxonomy":"product_cat","embeddable":true,"href":"https:\/\/expro-testy.milleniumhost.pl\/en\/wp-json\/wp\/v2\/product_cat?post=4695"},{"taxonomy":"product_tag","embeddable":true,"href":"https:\/\/expro-testy.milleniumhost.pl\/en\/wp-json\/wp\/v2\/product_tag?post=4695"}],"curies":[{"name":"wp","href":"https:\/\/api.w.org\/{rel}","templated":true}]}}