

{"id":4705,"date":"2023-12-02T16:39:44","date_gmt":"2023-12-02T15:39:44","guid":{"rendered":"https:\/\/expro-testy.milleniumhost.pl\/produkt\/polka-450mm-z-plyty-do-regalu-konf-1480mm-r-92471\/"},"modified":"2023-12-02T16:39:45","modified_gmt":"2023-12-02T15:39:45","slug":"polka-450mm-z-plyty-do-regalu-konf-1480mm-r-92471","status":"publish","type":"product","link":"https:\/\/expro-testy.milleniumhost.pl\/en\/produkt\/polka-450mm-z-plyty-do-regalu-konf-1480mm-r-92471\/","title":{"rendered":"P\u00d3\u0141KA 450MM Z P\u0141YTY DO REGA\u0141U KONF. 1480MM R-92471"},"content":{"rendered":"<p>w opracowaniu<\/p>\n","protected":false},"excerpt":{"rendered":"<p>w opracowaniu<\/p>\n","protected":false},"featured_media":4623,"template":"","meta":[],"product_cat":[944,945,908,136],"product_tag":[1004],"class_list":{"0":"post-4705","1":"product","2":"type-product","3":"status-publish","4":"has-post-thumbnail","6":"product_cat-osprzet-do-regalow-bhp","7":"product_cat-polki","8":"product_cat-regaly-bhp","9":"product_cat-strefa-bhp","10":"product_tag-ral_dekor","11":"pa_jednostka-szt","12":"pa_material-stal","13":"pa_modul-m148","14":"pa_objetosc-0-067-m3","15":"pa_rodzaj-mocowania-wpinana-w-noge-regalu-bhp","17":"first","18":"instock","19":"purchasable","20":"product-type-simple"},"acf":[],"_links":{"self":[{"href":"https:\/\/expro-testy.milleniumhost.pl\/en\/wp-json\/wp\/v2\/product\/4705","targetHints":{"allow":["GET"]}}],"collection":[{"href":"https:\/\/expro-testy.milleniumhost.pl\/en\/wp-json\/wp\/v2\/product"}],"about":[{"href":"https:\/\/expro-testy.milleniumhost.pl\/en\/wp-json\/wp\/v2\/types\/product"}],"wp:featuredmedia":[{"embeddable":true,"href":"https:\/\/expro-testy.milleniumhost.pl\/en\/wp-json\/wp\/v2\/media\/4623"}],"wp:attachment":[{"href":"https:\/\/expro-testy.milleniumhost.pl\/en\/wp-json\/wp\/v2\/media?parent=4705"}],"wp:term":[{"taxonomy":"product_cat","embeddable":true,"href":"https:\/\/expro-testy.milleniumhost.pl\/en\/wp-json\/wp\/v2\/product_cat?post=4705"},{"taxonomy":"product_tag","embeddable":true,"href":"https:\/\/expro-testy.milleniumhost.pl\/en\/wp-json\/wp\/v2\/product_tag?post=4705"}],"curies":[{"name":"wp","href":"https:\/\/api.w.org\/{rel}","templated":true}]}}